{"id":589,"date":"2024-09-05T10:09:48","date_gmt":"2024-09-05T09:09:48","guid":{"rendered":"https:\/\/asseda.ch\/?page_id=589"},"modified":"2024-09-11T09:00:25","modified_gmt":"2024-09-11T08:00:25","slug":"bulaya-rd-congo","status":"publish","type":"page","link":"https:\/\/asseda.ch\/?page_id=589","title":{"rendered":"Orphelinat de Bulaya RD Congo"},"content":{"rendered":"<p>Au d\u00e9but de d\u00e9cembre 2023 ASSEDA a men\u00e9 une action, en partenariat avec la Fondation Vie et Sant\u00e9 (association sans but lucratif sise en RD Congo) et quelques personnes priv\u00e9es, afin d\u2019offrir un No\u00ebl en avance aux enfants de l\u2019orphelinat de Bulaya.<\/p>\n<p>Bulaya est un village situ\u00e9 \u00e0 une trentaine de kilom\u00e8tres au nord ouest de Lubumbashi. ASSEDA avait longtemps soutenu l\u2019orphelinat il y a environ 10 ans d\u2019une mani\u00e8re mensuelle avec succ\u00e8s, mais avait d\u00fb cesser \u00e0 contrecoeur lorsque les personnes de confiance sur place avaient d\u00fb quitter le pays.<\/p>\n<p>Toutefois, d\u00e8s que cela est possible et lorsqu\u2019un de nos membres est sur place, nous souhaitons aider ponctuellement les petits pensionnaires. C\u2019est dans ce contexte que nous avons eu l\u2019occasion de participer \u00e0 une mission qui de tout petit projet au d\u00e9but s\u2019est transform\u00e9e en une formidable journ\u00e9e remplie de jeux et de cadeaux par l\u2019ajout successif de la Fondation Vie et Sant\u00e9 (FVS) et de personnes priv\u00e9es d\u00e9sireuses de se joindre.<\/p>\n<p>Avec une joie indescriptible, les enfants nous ont accueillis le 2 d\u00e9cembre 2023 par des chants. Un repas pr\u00e9par\u00e9 par la FVS a \u00e9t\u00e9 servi \u00e0 chaque participant : poulet et frites, demi-baguette et cannette de boisson, en dessert un \u00e9norme donut.<\/p>\n<div id=\"attachment_593\" style=\"width: 310px\" class=\"wp-caption alignleft\"><a href=\"https:\/\/asseda.ch\/wp-content\/uploads\/2024\/09\/IMG_8707.mov\" target=\"_blank\" rel=\"noopener\"><img loading=\"lazy\" decoding=\"async\" aria-describedby=\"caption-attachment-593\" class=\"wp-image-593 size-medium\" src=\"https:\/\/asseda.ch\/wp-content\/uploads\/2024\/09\/congo-video2-300x133.png\" alt=\"\" width=\"300\" height=\"133\" srcset=\"https:\/\/asseda.ch\/wp-content\/uploads\/2024\/09\/congo-video2-300x133.png 300w, https:\/\/asseda.ch\/wp-content\/uploads\/2024\/09\/congo-video2-150x66.png 150w, https:\/\/asseda.ch\/wp-content\/uploads\/2024\/09\/congo-video2.png 500w\" sizes=\"(max-width: 300px) 100vw, 300px\" \/><\/a><p id=\"caption-attachment-593\" class=\"wp-caption-text\">Vid\u00e9o des enfants qui chantent<\/p><\/div>\n<div id=\"attachment_590\" style=\"width: 198px\" class=\"wp-caption alignleft\"><a href=\"https:\/\/asseda.ch\/wp-content\/uploads\/2024\/09\/IMG_8718.mov\" target=\"_blank\" rel=\"noopener\"><img loading=\"lazy\" decoding=\"async\" aria-describedby=\"caption-attachment-590\" class=\"wp-image-590 size-full\" src=\"https:\/\/asseda.ch\/wp-content\/uploads\/2024\/09\/congo-video1.png\" alt=\"\" width=\"188\" height=\"281\" srcset=\"https:\/\/asseda.ch\/wp-content\/uploads\/2024\/09\/congo-video1.png 188w, https:\/\/asseda.ch\/wp-content\/uploads\/2024\/09\/congo-video1-100x150.png 100w\" sizes=\"(max-width: 188px) 100vw, 188px\" \/><\/a><p id=\"caption-attachment-590\" class=\"wp-caption-text\">Vid\u00e9o&#8221;Distribution de nourriture&#8221;<\/p><\/div>\n<p>&nbsp;<\/p>\n<p>&nbsp;<\/p>\n<p>&nbsp;<\/p>\n<p>&nbsp;<\/p>\n<p>&nbsp;<\/p>\n<p>&nbsp;<\/p>\n<p>&nbsp;<\/p>\n<p>&nbsp;<\/p>\n<p>&nbsp;<\/p>\n<p>Puis vint la distribution des cadeaux : chaque enfant, du plus petit au plus grand, a re\u00e7u un sac \u00e0 dos-cartable rempli d\u2019un linge, savon, dentifrice et brosse \u00e0 dents, un sous-v\u00eatement et des chaussettes, une trousse de crayons de couleur, un cahier d\u2019\u00e9cole ou de coloriage suivant l\u2019\u00e2ge, un paquet de biscuits et des bonbons. Chaque cadeau \u00e9tait personnalis\u00e9 en fonction de l\u2019\u00e2ge et du sexe du b\u00e9n\u00e9ficiaire, gr\u00e2ce \u00e0 une liste des enfants fournie par leur responsable. Nous avons \u00e9galement distribu\u00e9 deux paires de chaussures \u00e0 chaque enfant et tous ont re\u00e7u 2 draps de lit, cousus pendant de longues soir\u00e9es par l\u2019\u00e9quipe ASSEDA\/FVS\/priv\u00e9s ! Nous avions \u00e9galement achet\u00e9s 11 matelas, car tous les lits n\u2019en \u00e9taient pas \u00e9quip\u00e9s. A ce stade il convient de savoir que l\u2019orphelinat h\u00e9berge 96 enfants et jeunes de 3 \u00e0 20 ans pour 61 lits disponibles.<\/p>\n<p>Les enfants ont \u00e9galement re\u00e7u quelques ballons de foot et des \u201cmatchs\u201d et d\u2019autres jeux improvis\u00e9s se sont rapidement organis\u00e9s entre eux, provoquant des rires d\u00e9montrant une joie exceptionnelle qui a rempli nos coeurs de bonheur \u2026<\/p>\n<div class=\"rl-gallery-container rl-loading\" id=\"rl-gallery-container-1\" data-gallery_id=\"605\"> <div class=\"rl-gallery rl-basicgrid-gallery \" id=\"rl-gallery-1\" data-gallery_no=\"1\"> <div class=\"rl-gallery-item\"><a href=\"https:\/\/asseda.ch\/wp-content\/uploads\/2024\/09\/photo-Congo-1.png\" title=\"\" data-rl_title=\"\" class=\"rl-gallery-link\" data-rl_caption=\"\" data-rel=\"norl\"><img loading=\"lazy\" decoding=\"async\" src=\"https:\/\/asseda.ch\/wp-content\/uploads\/2024\/09\/photo-Congo-1-225x300.png\" width=\"225\" height=\"300\" alt=\"\"\/><\/a><\/div><div class=\"rl-gallery-item\"><a href=\"https:\/\/asseda.ch\/wp-content\/uploads\/2024\/09\/photo-Congo-6.png\" title=\"\" data-rl_title=\"\" class=\"rl-gallery-link\" data-rl_caption=\"\" data-rel=\"norl\"><img loading=\"lazy\" decoding=\"async\" src=\"https:\/\/asseda.ch\/wp-content\/uploads\/2024\/09\/photo-Congo-6-300x225.png\" width=\"300\" height=\"225\" alt=\"\"\/><\/a><\/div><div class=\"rl-gallery-item\"><a href=\"https:\/\/asseda.ch\/wp-content\/uploads\/2024\/09\/chaussure-congo.png\" title=\"\" data-rl_title=\"\" class=\"rl-gallery-link\" data-rl_caption=\"\" data-rel=\"norl\"><img loading=\"lazy\" decoding=\"async\" src=\"https:\/\/asseda.ch\/wp-content\/uploads\/2024\/09\/chaussure-congo-225x300.png\" width=\"225\" height=\"300\" alt=\"\"\/><\/a><\/div><div class=\"rl-gallery-item\"><a href=\"https:\/\/asseda.ch\/wp-content\/uploads\/2024\/09\/photo-Congo-5.png\" title=\"\" data-rl_title=\"\" class=\"rl-gallery-link\" data-rl_caption=\"\" data-rel=\"norl\"><img loading=\"lazy\" decoding=\"async\" src=\"https:\/\/asseda.ch\/wp-content\/uploads\/2024\/09\/photo-Congo-5-225x300.png\" width=\"225\" height=\"300\" alt=\"\"\/><\/a><\/div><div class=\"rl-gallery-item\"><a href=\"https:\/\/asseda.ch\/wp-content\/uploads\/2024\/09\/photo-Congo-4.png\" title=\"\" data-rl_title=\"\" class=\"rl-gallery-link\" data-rl_caption=\"\" data-rel=\"norl\"><img loading=\"lazy\" decoding=\"async\" src=\"https:\/\/asseda.ch\/wp-content\/uploads\/2024\/09\/photo-Congo-4-300x225.png\" width=\"300\" height=\"225\" alt=\"\"\/><\/a><\/div><div class=\"rl-gallery-item\"><a href=\"https:\/\/asseda.ch\/wp-content\/uploads\/2024\/09\/photo-Congo2.png\" title=\"\" data-rl_title=\"\" class=\"rl-gallery-link\" data-rl_caption=\"\" data-rel=\"norl\"><img loading=\"lazy\" decoding=\"async\" src=\"https:\/\/asseda.ch\/wp-content\/uploads\/2024\/09\/photo-Congo2-300x225.png\" width=\"300\" height=\"225\" alt=\"\"\/><\/a><\/div><div class=\"rl-gallery-item\"><a href=\"https:\/\/asseda.ch\/wp-content\/uploads\/2024\/09\/dame-congo-1.png\" title=\"\" data-rl_title=\"\" class=\"rl-gallery-link\" data-rl_caption=\"\" data-rel=\"norl\"><img loading=\"lazy\" decoding=\"async\" src=\"https:\/\/asseda.ch\/wp-content\/uploads\/2024\/09\/dame-congo-1-225x300.png\" width=\"225\" height=\"300\" alt=\"\"\/><\/a><\/div> <\/div> <\/div>\n","protected":false},"excerpt":{"rendered":"<p>Au d\u00e9but de d\u00e9cembre 2023 ASSEDA a men\u00e9 une action, en partenariat avec la Fondation Vie et Sant\u00e9 (association sans but lucratif sise en RD Congo) et quelques personnes priv\u00e9es, afin d\u2019offrir un No\u00ebl en avance aux enfants de l\u2019orphelinat de Bulaya. Bulaya est un village situ\u00e9 \u00e0 une trentaine\u2026 <a class=\"continue-reading-link\" href=\"https:\/\/asseda.ch\/?page_id=589\">Continue reading<\/a><\/p>\n","protected":false},"author":3,"featured_media":0,"parent":0,"menu_order":0,"comment_status":"closed","ping_status":"closed","template":"","meta":{"footnotes":""},"class_list":["post-589","page","type-page","status-publish","hentry"],"_links":{"self":[{"href":"https:\/\/asseda.ch\/index.php?rest_route=\/wp\/v2\/pages\/589"}],"collection":[{"href":"https:\/\/asseda.ch\/index.php?rest_route=\/wp\/v2\/pages"}],"about":[{"href":"https:\/\/asseda.ch\/index.php?rest_route=\/wp\/v2\/types\/page"}],"author":[{"embeddable":true,"href":"https:\/\/asseda.ch\/index.php?rest_route=\/wp\/v2\/users\/3"}],"replies":[{"embeddable":true,"href":"https:\/\/asseda.ch\/index.php?rest_route=%2Fwp%2Fv2%2Fcomments&post=589"}],"version-history":[{"count":10,"href":"https:\/\/asseda.ch\/index.php?rest_route=\/wp\/v2\/pages\/589\/revisions"}],"predecessor-version":[{"id":617,"href":"https:\/\/asseda.ch\/index.php?rest_route=\/wp\/v2\/pages\/589\/revisions\/617"}],"wp:attachment":[{"href":"https:\/\/asseda.ch\/index.php?rest_route=%2Fwp%2Fv2%2Fmedia&parent=589"}],"curies":[{"name":"wp","href":"https:\/\/api.w.org\/{rel}","templated":true}]}}