{"id":583,"date":"2024-09-05T09:37:03","date_gmt":"2024-09-05T08:37:03","guid":{"rendered":"https:\/\/asseda.ch\/?page_id=583"},"modified":"2024-09-05T09:41:24","modified_gmt":"2024-09-05T08:41:24","slug":"rapport-dactivites-2023-2024","status":"publish","type":"page","link":"https:\/\/asseda.ch\/?page_id=583","title":{"rendered":"Rapport d&#8217;activit\u00e9s 2023-2024"},"content":{"rendered":"<p><strong><em>Programme \u00ab\u00a0Under 5\u00a0\u00bb Magbenteh Community Hospital, Sierra Leone<\/em><\/strong><\/p>\n<p><em>Pour continuer le programme de nutrition des enfants de moins de 5 ans, ASSEDA a vers\u00e9 CHF 12&#8217;000 durant l\u2019exercice 2023. Ce programme est vital pour tous les enfants hospitalis\u00e9s dans un \u00e9tat de malnutrition et les attributions sont contr\u00f4l\u00e9es chaque ann\u00e9e par une visite d\u2019un de nos membres sur place.<\/em><\/p>\n<p><em><u>L\u2019assembl\u00e9e vote \u00e0 l\u2019unanimit\u00e9 de continuer notre soutien \u00e0 raison de CHF 1\u2019000 par mois pour l\u2019exercice 2024-2025, dont la moiti\u00e9 est assum\u00e9e par donation priv\u00e9e.<\/u><\/em><\/p>\n<p><strong><em>\u00a0<\/em><\/strong><\/p>\n<p><strong><em>Projet d\u2019aide aux enfants des rues de Dakar, S\u00e9n\u00e9gal<\/em><\/strong><\/p>\n<p><em>Nous avons \u00e0 nouveau soutenu le travail de l\u2019association Afrorenn qui sort des enfants de la rue \u00e0 Dakar, leur fait suivre un programme scolaire et en fait des musiciens en herbe au point de les avoir fait participer \u00e0 plusieurs concerts d\u2019envergure et de qualit\u00e9. Si vous effectuez une recherche sur les r\u00e9seaux sociaux vous verrez \u00e0 quel point ils sont capables et heureux.<\/em><\/p>\n<p><em><u>L\u2019assembl\u00e9e vote la reconduction de notre aide de CHF 4&#8217;000 pour l\u2019exercice 2024-2025<\/u><\/em><em>.<\/em><\/p>\n<p><strong><em>\u00a0<\/em><\/strong><\/p>\n<p><strong><em>Projet FACE, Le Caire, Egypte<\/em><\/strong><\/p>\n<p><em>Plus que jamais, l\u2019orphelinat a besoin de notre soutien pour la quarantaine d\u2019enfants en bas \u00e2ge dont ils ont la charge. Notre pr\u00e9sidente se rend r\u00e9guli\u00e8rement sur place et constate le bon usage de notre aide ainsi que son caract\u00e8re indispensable.<\/em><\/p>\n<p><em><u>L\u2019assembl\u00e9e vote \u00e0 l\u2019unanimit\u00e9 un soutien de CHF 7&#8217;300.-<\/u><\/em><\/p>\n<p><em><u>Rapport d\u2019activit\u00e9s sp\u00e9ciales 2023-2024<\/u><\/em><\/p>\n<p><strong><em>Orphelinat Kiremba, Burundi<\/em><\/strong><\/p>\n<p><em>La s\u0153ur de notre pr\u00e9sidente g\u00e8re un orphelinat au Burundi. Elle se trouve dans une situation si difficile, qu\u2019elle a demand\u00e9 de l\u2019aide \u00e0 ASSEDA. Nous avons re\u00e7u un dossier complet sur les 80 enfants dont l\u2019orphelinat a la charge et, dans l\u2019urgence, le Comit\u00e9 a vot\u00e9 une aide urgente, partiellement couverte par don, de CHF 5&#8217;348.<\/em><\/p>\n<p><em><u>L\u2019assembl\u00e9e vote \u00e0 l\u2019unanimit\u00e9 un nouveau soutien de CHF 5&#8217;500.- pour 2024 ainsi qu\u2019un budget \u00e9ventuel de CHF 500.- pour le financement d\u2019une chambre froide \u00e0 v\u00e9rifier.<\/u><\/em><\/p>\n<p><em>\u00a0<\/em><\/p>\n<p><em><u>Rapport financier au 31\/12\/2023<\/u><\/em><\/p>\n<p><em>Les versements de soutien 2023 sont d\u00e9taill\u00e9s ci-dessous (en CHF)\u00a0:<\/em><\/p>\n<p><em>\u00a0<\/em><\/p>\n<ul>\n<li><em>Refuge Juan XXIII d\u2019Armenia (Colombie)\u00a0 \u00a0 \u00a0 \u00a0 \u00a0 \u00a0 \u00a0 \u00a0 \u00a0 \u00a0 \u00a0 \u00a0 \u00a0 \u00a0 \u00a0 \u00a0 \u00a0 \u00a0 \u00a0 \u00a0 \u00a0 \u00a0 \u00a0 \u00a0 \u00a0 \u00a0 \u00a0 \u00a0 \u00a0 \u00a0 \u00a0 \u00a0 \u00a0 \u00a0 \u00a0 \u00a0 \u00a0 \u00a0 \u00a0 \u00a0 \u00a0 \u00a0 \u00a0 \u00a0 440<\/em><\/li>\n<li><em>Programme renutrition \u00ab Under 5 \u00bb (Sierra Leone)\u00a0 \u00a0 \u00a0 \u00a0 \u00a0 \u00a0 \u00a0 \u00a0 \u00a0 \u00a0 \u00a0 \u00a0 \u00a0 \u00a0 \u00a0 \u00a0 \u00a0 \u00a0 \u00a0 \u00a0 \u00a0 \u00a0 \u00a0 \u00a0 \u00a0 \u00a0 \u00a0 \u00a0 \u00a0 \u00a0 \u00a0 \u00a0 12\u2019000<\/em><\/li>\n<li><em>Orphelinat \u00ab FACE \u00bb du Caire (Egypte)\u00a0 \u00a0 \u00a0 \u00a0 \u00a0 \u00a0 \u00a0 \u00a0 \u00a0 \u00a0 \u00a0 \u00a0 \u00a0 \u00a0 \u00a0 \u00a0 \u00a0 \u00a0 \u00a0 \u00a0 \u00a0 \u00a0 \u00a0 \u00a0 \u00a0 \u00a0 \u00a0 \u00a0 \u00a0 \u00a0 \u00a0 \u00a0 \u00a0 \u00a0 \u00a0 \u00a0 \u00a0 \u00a0 \u00a0 \u00a0 \u00a0 \u00a0 \u00a0 \u00a0 7\u2019437<\/em><\/li>\n<li><em>Enfants des rues de Dakar (S\u00e9n\u00e9gal)\u00a0 \u00a0 \u00a0 \u00a0 \u00a0 \u00a0 \u00a0 \u00a0 \u00a0 \u00a0 \u00a0 \u00a0 \u00a0 \u00a0 \u00a0 \u00a0 \u00a0 \u00a0 \u00a0 \u00a0 \u00a0 \u00a0 \u00a0 \u00a0 \u00a0 \u00a0 \u00a0 \u00a0 \u00a0 \u00a0 \u00a0 \u00a0 \u00a0 \u00a0 \u00a0 \u00a0 \u00a0 \u00a0 \u00a0 \u00a0 \u00a0 \u00a0 \u00a0 \u00a0 \u00a0 \u00a0 4\u2019000<\/em><\/li>\n<li><em>Orphelinat Kiremba (Burundi)\u00a0 \u00a0 \u00a0 \u00a0 \u00a0 \u00a0 \u00a0 \u00a0 \u00a0 \u00a0 \u00a0 \u00a0 \u00a0 \u00a0 \u00a0 \u00a0 \u00a0 \u00a0 \u00a0 \u00a0 \u00a0 \u00a0 \u00a0 \u00a0 \u00a0 \u00a0 \u00a0 \u00a0 \u00a0 \u00a0 \u00a0 \u00a0 \u00a0 \u00a0 \u00a0 \u00a0 \u00a0 \u00a0 \u00a0 \u00a0 \u00a0 \u00a0 \u00a0 \u00a0 \u00a0 \u00a0 \u00a0 \u00a0 \u00a0 \u00a0 \u00a0 5\u2019348<\/em><\/li>\n<\/ul>\n<p><em>\u00a0\u00a0\u00a0\u00a0\u00a0\u00a0\u00a0\u00a0\u00a0\u00a0\u00a0\u00a0\u00a0\u00a0\u00a0\u00a0\u00a0\u00a0\u00a0\u00a0\u00a0\u00a0\u00a0\u00a0\u00a0\u00a0\u00a0\u00a0\u00a0\u00a0\u00a0\u00a0\u00a0\u00a0\u00a0\u00a0\u00a0\u00a0\u00a0\u00a0\u00a0\u00a0\u00a0\u00a0\u00a0\u00a0\u00a0\u00a0\u00a0\u00a0\u00a0\u00a0\u00a0\u00a0\u00a0\u00a0\u00a0\u00a0\u00a0\u00a0\u00a0\u00a0\u00a0\u00a0\u00a0\u00a0\u00a0\u00a0\u00a0\u00a0\u00a0\u00a0\u00a0\u00a0\u00a0\u00a0\u00a0\u00a0\u00a0\u00a0\u00a0\u00a0\u00a0\u00a0\u00a0\u00a0\u00a0\u00a0\u00a0\u00a0\u00a0\u00a0\u00a0\u00a0\u00a0\u00a0\u00a0\u00a0\u00a0\u00a0\u00a0\u00a0\u00a0\u00a0\u00a0\u00a0\u00a0\u00a0\u00a0\u00a0\u00a0\u00a0\u00a0\u00a0\u00a0\u00a0\u00a0\u00a0\u00a0\u00a0\u00a0\u00a0\u00a0\u00a0\u00a0\u00a0\u00a0\u00a0\u00a0\u00a0\u00a0\u00a0\u00a0\u00a0\u00a0\u00a0\u00a0\u00a0\u00a0\u00a0\u00a0\u00a0\u00a0\u00a0\u00a0\u00a0\u00a0\u00a0\u00a0\u00a0\u00a0\u00a0\u00a0\u00a0\u00a0\u00a0\u00a0\u00a0\u00a0\u00a0\u00a0 <\/em><em>======<\/em><\/p>\n<p><em>\u00a0<\/em><\/p>\n<p><em>Les frais administratifs d\u2019ASSEDA sont enti\u00e8rement couverts par donations = abandons de frais. <\/em><\/p>\n<p><em>Le projets \u00e0 financer pour 2024-2025 se pr\u00e9sentent ainsi (sous r\u00e9serve de faisabilit\u00e9 et\/ou d\u2019urgence)\u00a0:<\/em><\/p>\n<p><em>\u00a0<\/em><\/p>\n<ul>\n<li><em>Refuge Juan XXIII d\u2019Armenia (Colombie)\u00a0 \u00a0 \u00a0 \u00a0 \u00a0 \u00a0 \u00a0 \u00a0 \u00a0 \u00a0 \u00a0 \u00a0 \u00a0 \u00a0 \u00a0 \u00a0 \u00a0 \u00a0 \u00a0 \u00a0 \u00a0 \u00a0 \u00a0 \u00a0 \u00a0 \u00a0 \u00a0 \u00a0 \u00a0 \u00a0 \u00a0 \u00a0 \u00a0 \u00a0 \u00a0 \u00a0 \u00a0 \u00a0 \u00a0 \u00a0 \u00a0 \u00a0 \u00a0 \u00a0 6\u2019440<\/em><\/li>\n<li><em>Programme renutrition \u00ab Under 5 \u00bb (Sierra Leone)\u00a0 \u00a0 \u00a0 \u00a0 \u00a0 \u00a0 \u00a0 \u00a0 \u00a0 \u00a0 \u00a0 \u00a0 \u00a0 \u00a0 \u00a0 \u00a0 \u00a0 \u00a0 \u00a0 \u00a0 \u00a0 \u00a0 \u00a0 \u00a0 \u00a0 \u00a0 \u00a0 \u00a0 \u00a0 \u00a0 \u00a0 \u00a0 \u00a0 \u00a0 12\u2019000<\/em><\/li>\n<li><em>Orphelinat \u00ab FACE \u00bb du Caire (Egypte)\u00a0 \u00a0 \u00a0 \u00a0 \u00a0 \u00a0 \u00a0 \u00a0 \u00a0 \u00a0 \u00a0 \u00a0 \u00a0 \u00a0 \u00a0 \u00a0 \u00a0 \u00a0 \u00a0 \u00a0 \u00a0 \u00a0 \u00a0 \u00a0 \u00a0 \u00a0 \u00a0 \u00a0 \u00a0 \u00a0 \u00a0 \u00a0 \u00a0 \u00a0 \u00a0 \u00a0 \u00a0 \u00a0 \u00a0 \u00a0 \u00a0 \u00a0 \u00a0 \u00a0 \u00a0 \u00a0 7\u2019300<\/em><\/li>\n<li><em>Enfants des rues de Dakar (S\u00e9n\u00e9gal)\u00a0 \u00a0 \u00a0 \u00a0 \u00a0 \u00a0 \u00a0 \u00a0 \u00a0 \u00a0 \u00a0 \u00a0 \u00a0 \u00a0 \u00a0 \u00a0 \u00a0 \u00a0 \u00a0 \u00a0 \u00a0 \u00a0 \u00a0 \u00a0 \u00a0 \u00a0 \u00a0 \u00a0 \u00a0 \u00a0 \u00a0 \u00a0 \u00a0 \u00a0 \u00a0 \u00a0 \u00a0 \u00a0 \u00a0 \u00a0 \u00a0 \u00a0 \u00a0 \u00a0 \u00a0 \u00a0 \u00a0 \u00a0 \u00a04\u2019000<\/em><\/li>\n<li><em>Orphelinat Kiremba (Burundi)\u00a0 \u00a0 \u00a0 \u00a0 \u00a0 \u00a0 \u00a0 \u00a0 \u00a0 \u00a0 \u00a0 \u00a0 \u00a0 \u00a0 \u00a0 \u00a0 \u00a0 \u00a0 \u00a0 \u00a0 \u00a0 \u00a0 \u00a0 \u00a0 \u00a0 \u00a0 \u00a0 \u00a0 \u00a0 \u00a0 \u00a0 \u00a0 \u00a0 \u00a0 \u00a0 \u00a0 \u00a0 \u00a0 \u00a0 \u00a0 \u00a0 \u00a0 \u00a0 \u00a0 \u00a0 \u00a0 \u00a0 \u00a0 \u00a0 \u00a0 \u00a0 \u00a0 \u00a0 \u00a0 6\u2019000<\/em><\/li>\n<li><em>Orphelinat Bulaya (RD Congo \u2013 en cas de n\u00e9cessit\u00e9 uniquement)\u00a0 \u00a0 \u00a0 \u00a0 \u00a0 \u00a0 \u00a0 \u00a0 \u00a0 \u00a0 \u00a0 \u00a0 \u00a0 \u00a0 \u00a0 \u00a0 \u00a0 \u00a0 \u00a0 \u00a0 \u00a0 \u00a0 \u00a0 1\u2019500<\/em><\/li>\n<li><em>Orphelinat de Manandjary (Madagascar)\u00a0 \u00a0 \u00a0 \u00a0 \u00a0 \u00a0 \u00a0 \u00a0 \u00a0 \u00a0 \u00a0 \u00a0 \u00a0 \u00a0 \u00a0 \u00a0 \u00a0 \u00a0 \u00a0 \u00a0 \u00a0 \u00a0 \u00a0 \u00a0 \u00a0 \u00a0 \u00a0 \u00a0 \u00a0 \u00a0 \u00a0 \u00a0 \u00a0 \u00a0 \u00a0 \u00a0 \u00a0 \u00a0 \u00a0 \u00a0 \u00a0 \u00a0 \u00a0 \u00a0 \u00a0 900<\/em><\/li>\n<li><em>Projet \u00e0 discuter assembl\u00e9e\u00a0 \u00a0 \u00a0 \u00a0 \u00a0 \u00a0 \u00a0 \u00a0 \u00a0 \u00a0 \u00a0 \u00a0 \u00a0 \u00a0 \u00a0 \u00a0 \u00a0 \u00a0 \u00a0 \u00a0 \u00a0 \u00a0 \u00a0 \u00a0 \u00a0 \u00a0 \u00a0 \u00a0 \u00a0 \u00a0 \u00a0 \u00a0 \u00a0 \u00a0 \u00a0 \u00a0 \u00a0 \u00a0 \u00a0 \u00a0 \u00a0 \u00a0 \u00a0 \u00a0 \u00a0 \u00a0 \u00a0 \u00a0 \u00a0 \u00a0 \u00a0 \u00a0 \u00a0 \u00a0 \u00a0 \u00a0 \u00a0 \u00a05\u2019000\u00a0 \u00a0 \u00a0 \u00a0 \u00a0 \u00a0 \u00a0\u00a0<\/em><\/li>\n<\/ul>\n","protected":false},"excerpt":{"rendered":"<p>Programme \u00ab\u00a0Under 5\u00a0\u00bb Magbenteh Community Hospital, Sierra Leone Pour continuer le programme de nutrition des enfants de moins de 5 ans, ASSEDA a vers\u00e9 CHF 12&#8217;000 durant l\u2019exercice 2023. Ce programme est vital pour tous les enfants hospitalis\u00e9s dans un \u00e9tat de malnutrition et les attributions sont contr\u00f4l\u00e9es chaque ann\u00e9e\u2026 <a class=\"continue-reading-link\" href=\"https:\/\/asseda.ch\/?page_id=583\">Continue reading<\/a><\/p>\n","protected":false},"author":3,"featured_media":0,"parent":0,"menu_order":0,"comment_status":"closed","ping_status":"closed","template":"","meta":{"footnotes":""},"class_list":["post-583","page","type-page","status-publish","hentry"],"_links":{"self":[{"href":"https:\/\/asseda.ch\/index.php?rest_route=\/wp\/v2\/pages\/583"}],"collection":[{"href":"https:\/\/asseda.ch\/index.php?rest_route=\/wp\/v2\/pages"}],"about":[{"href":"https:\/\/asseda.ch\/index.php?rest_route=\/wp\/v2\/types\/page"}],"author":[{"embeddable":true,"href":"https:\/\/asseda.ch\/index.php?rest_route=\/wp\/v2\/users\/3"}],"replies":[{"embeddable":true,"href":"https:\/\/asseda.ch\/index.php?rest_route=%2Fwp%2Fv2%2Fcomments&post=583"}],"version-history":[{"count":2,"href":"https:\/\/asseda.ch\/index.php?rest_route=\/wp\/v2\/pages\/583\/revisions"}],"predecessor-version":[{"id":587,"href":"https:\/\/asseda.ch\/index.php?rest_route=\/wp\/v2\/pages\/583\/revisions\/587"}],"wp:attachment":[{"href":"https:\/\/asseda.ch\/index.php?rest_route=%2Fwp%2Fv2%2Fmedia&parent=583"}],"curies":[{"name":"wp","href":"https:\/\/api.w.org\/{rel}","templated":true}]}}