{"id":52,"date":"2014-09-07T21:51:16","date_gmt":"2014-09-07T20:51:16","guid":{"rendered":"http:\/\/asseda.ch\/?page_id=52"},"modified":"2014-10-03T15:39:24","modified_gmt":"2014-10-03T14:39:24","slug":"makeni-sierra-leone","status":"publish","type":"page","link":"https:\/\/asseda.ch\/?page_id=52","title":{"rendered":"Makeni-Sierra Leone"},"content":{"rendered":"<h5 style=\"text-align: justify;\">Distribution de riz-sauce 3 x par semaine \u00e0 Advanced Orphanage School :<\/h5>\n<p style=\"text-align: center;\">TU VAS A L&#8217;ECOLE &#8230; TU MANGES !<\/p>\n<p>\u00a0<img loading=\"lazy\" decoding=\"async\" class=\"aligncenter size-full wp-image-133\" src=\"http:\/\/asseda.ch\/wp-content\/uploads\/2014\/09\/P1010950-copie-2.jpg\" alt=\"P1010950 - copie 2\" width=\"640\" height=\"360\" srcset=\"https:\/\/asseda.ch\/wp-content\/uploads\/2014\/09\/P1010950-copie-2.jpg 640w, https:\/\/asseda.ch\/wp-content\/uploads\/2014\/09\/P1010950-copie-2-300x168.jpg 300w\" sizes=\"(max-width: 640px) 100vw, 640px\" \/>l'&#8221;\u00e9cole&#8221; !\u00a0 6 &#8220;salles de classe&#8221; s\u00e9par\u00e9es par des demi-paillotes int\u00e9rieures &#8230;<\/p>\n<p><img loading=\"lazy\" decoding=\"async\" class=\"aligncenter size-large wp-image-53\" src=\"http:\/\/asseda.ch\/wp-content\/uploads\/2014\/09\/DSC_0033-1024x685.jpg\" alt=\"DSC_0033\" width=\"604\" height=\"404\" srcset=\"https:\/\/asseda.ch\/wp-content\/uploads\/2014\/09\/DSC_0033-1024x685.jpg 1024w, https:\/\/asseda.ch\/wp-content\/uploads\/2014\/09\/DSC_0033-300x200.jpg 300w\" sizes=\"(max-width: 604px) 100vw, 604px\" \/>f\u00eate de No\u00ebl &#8211; 13 d\u00e9cembre 2013<\/p>\n<p><img loading=\"lazy\" decoding=\"async\" class=\"aligncenter size-large wp-image-57\" src=\"http:\/\/asseda.ch\/wp-content\/uploads\/2014\/09\/DSC_0172-1024x685.jpg\" alt=\"DSC_0172\" width=\"604\" height=\"404\" srcset=\"https:\/\/asseda.ch\/wp-content\/uploads\/2014\/09\/DSC_0172-1024x685.jpg 1024w, https:\/\/asseda.ch\/wp-content\/uploads\/2014\/09\/DSC_0172-300x200.jpg 300w\" sizes=\"(max-width: 604px) 100vw, 604px\" \/>une &#8220;salle de classe&#8221; dans l&#8217;\u00e9cole-paillote<\/p>\n<p><img loading=\"lazy\" decoding=\"async\" class=\"aligncenter size-large wp-image-55\" src=\"http:\/\/asseda.ch\/wp-content\/uploads\/2014\/09\/DSC_0075-1024x685.jpg\" alt=\"DSC_0075\" width=\"604\" height=\"404\" srcset=\"https:\/\/asseda.ch\/wp-content\/uploads\/2014\/09\/DSC_0075-1024x685.jpg 1024w, https:\/\/asseda.ch\/wp-content\/uploads\/2014\/09\/DSC_0075-300x200.jpg 300w\" sizes=\"(max-width: 604px) 100vw, 604px\" \/>les &#8220;mamans&#8221; cuisinent dans l&#8217;arri\u00e8re-cour de l&#8217;\u00e9cole<\/p>\n<p><img loading=\"lazy\" decoding=\"async\" class=\"aligncenter size-large wp-image-56\" src=\"http:\/\/asseda.ch\/wp-content\/uploads\/2014\/09\/DSC_0155-1024x685.jpg\" alt=\"DSC_0155\" width=\"604\" height=\"404\" srcset=\"https:\/\/asseda.ch\/wp-content\/uploads\/2014\/09\/DSC_0155-1024x685.jpg 1024w, https:\/\/asseda.ch\/wp-content\/uploads\/2014\/09\/DSC_0155-300x200.jpg 300w\" sizes=\"(max-width: 604px) 100vw, 604px\" \/>distribution de riz avec une sauce piquante contenant des morceaux de poissons<\/p>\n<p><img loading=\"lazy\" decoding=\"async\" class=\"aligncenter size-large wp-image-54\" src=\"http:\/\/asseda.ch\/wp-content\/uploads\/2014\/09\/DSC_0034-1024x685.jpg\" alt=\"DSC_0034\" width=\"604\" height=\"404\" srcset=\"https:\/\/asseda.ch\/wp-content\/uploads\/2014\/09\/DSC_0034-1024x685.jpg 1024w, https:\/\/asseda.ch\/wp-content\/uploads\/2014\/09\/DSC_0034-300x200.jpg 300w\" sizes=\"(max-width: 604px) 100vw, 604px\" \/>repus, les enfants continuent la f\u00eate en dansant et chantant<\/p>\n<p style=\"text-align: justify;\">Les enfants de &#8220;Advanced Orphanage School&#8221; sont soit orphelins ou abandonn\u00e9s par des parents trop pauvres pour les nourrir. Comme c&#8217;est la coutume dans de nombreuses r\u00e9gions africaines, ils sont recueillis par d&#8217;autres adultes, mais sont r\u00e9duits \u00e0 l&#8217;\u00e9tat d&#8217;ouvriers domestiques et ne re\u00e7oivent que rarement \u00e0 manger.<\/p>\n<address>ASSEDA subventionne l&#8217;achat et la distribution d&#8217;une alimentation basique trois fois par semaine. Les enfants sont nourris dans l&#8217;enceinte de l&#8217;\u00e9cole. Ainsi, pour avoir \u00e0 manger, ils doivent suivre les cours. Nous esp\u00e9rons ainsi leur donner une chance de mieux r\u00e9ussir dans leur vie future.<\/address>\n<address>Un repas co\u00fbte environ 6 centimes ! Avec 600.- frs trimestriels, nous pouvons donc faire servir 10&#8217;000 repas !! Pendant les vacances scolaires, nous ne pouvons malheureusement pas subventionner l&#8217;alimentation, car les enfants retournent dans leurs familles d&#8217;accueil.<\/address>\n<p>&nbsp;<\/p>\n<p>&nbsp;<\/p>\n","protected":false},"excerpt":{"rendered":"<p>Distribution de riz-sauce 3 x par semaine \u00e0 Advanced Orphanage School : TU VAS A L&#8217;ECOLE &#8230; TU MANGES ! \u00a0l&#8217;&#8221;\u00e9cole&#8221; !\u00a0 6 &#8220;salles de classe&#8221; s\u00e9par\u00e9es par des demi-paillotes int\u00e9rieures &#8230; f\u00eate de No\u00ebl &#8211; 13 d\u00e9cembre 2013 une &#8220;salle de classe&#8221; dans l&#8217;\u00e9cole-paillote les &#8220;mamans&#8221; cuisinent dans l&#8217;arri\u00e8re-cour\u2026 <a class=\"continue-reading-link\" href=\"https:\/\/asseda.ch\/?page_id=52\">Continue reading<\/a><\/p>\n","protected":false},"author":2,"featured_media":0,"parent":6,"menu_order":2,"comment_status":"closed","ping_status":"closed","template":"","meta":{"footnotes":""},"class_list":["post-52","page","type-page","status-publish","hentry"],"_links":{"self":[{"href":"https:\/\/asseda.ch\/index.php?rest_route=\/wp\/v2\/pages\/52"}],"collection":[{"href":"https:\/\/asseda.ch\/index.php?rest_route=\/wp\/v2\/pages"}],"about":[{"href":"https:\/\/asseda.ch\/index.php?rest_route=\/wp\/v2\/types\/page"}],"author":[{"embeddable":true,"href":"https:\/\/asseda.ch\/index.php?rest_route=\/wp\/v2\/users\/2"}],"replies":[{"embeddable":true,"href":"https:\/\/asseda.ch\/index.php?rest_route=%2Fwp%2Fv2%2Fcomments&post=52"}],"version-history":[{"count":6,"href":"https:\/\/asseda.ch\/index.php?rest_route=\/wp\/v2\/pages\/52\/revisions"}],"predecessor-version":[{"id":134,"href":"https:\/\/asseda.ch\/index.php?rest_route=\/wp\/v2\/pages\/52\/revisions\/134"}],"up":[{"embeddable":true,"href":"https:\/\/asseda.ch\/index.php?rest_route=\/wp\/v2\/pages\/6"}],"wp:attachment":[{"href":"https:\/\/asseda.ch\/index.php?rest_route=%2Fwp%2Fv2%2Fmedia&parent=52"}],"curies":[{"name":"wp","href":"https:\/\/api.w.org\/{rel}","templated":true}]}}