{"id":50,"date":"2024-03-27T10:36:58","date_gmt":"2024-03-27T09:36:58","guid":{"rendered":"http:\/\/asseda.ch\/?page_id=50"},"modified":"2024-08-22T09:09:31","modified_gmt":"2024-08-22T08:09:31","slug":"projets-realises","status":"publish","type":"page","link":"https:\/\/asseda.ch\/?page_id=50","title":{"rendered":"Projets R\u00e9alis\u00e9s"},"content":{"rendered":"<p style=\"text-align: justify;\"><a href=\"https:\/\/asseda.ch\/wp-content\/uploads\/2019\/05\/Refuge72dpi.jpg\" data-rel=\"lightbox-image-0\" data-rl_title=\"\" data-rl_caption=\"\" title=\"\"><img loading=\"lazy\" decoding=\"async\" class=\"wp-image-315 alignright\" src=\"https:\/\/asseda.ch\/wp-content\/uploads\/2019\/05\/Refuge72dpi-300x199.jpg\" alt=\"\" width=\"187\" height=\"124\" srcset=\"https:\/\/asseda.ch\/wp-content\/uploads\/2019\/05\/Refuge72dpi-300x199.jpg 300w, https:\/\/asseda.ch\/wp-content\/uploads\/2019\/05\/Refuge72dpi-768x509.jpg 768w, https:\/\/asseda.ch\/wp-content\/uploads\/2019\/05\/Refuge72dpi.jpg 1024w, https:\/\/asseda.ch\/wp-content\/uploads\/2019\/05\/Refuge72dpi-529x350.jpg 529w, https:\/\/asseda.ch\/wp-content\/uploads\/2019\/05\/Refuge72dpi-150x99.jpg 150w\" sizes=\"(max-width: 187px) 100vw, 187px\" \/><\/a><br \/>\nDepuis sa fondation en 1996, ASSEDA a d\u00e9j\u00e0 soutenu de nombreux projets soit ponctuels soit sur du long terme. Consultez les sous les onglets des projets r\u00e9alis\u00e9s ou cliquez ci-dessous<\/p>\n<ul>\n<li><a href=\"https:\/\/asseda.ch\/?page_id=418\">POPDAS\u2019s Sierra Leonne<\/a><\/li>\n<li><a href=\"https:\/\/asseda.ch\/?page_id=21\">Kinshasa-RD Congo<\/a><\/li>\n<li><a href=\"https:\/\/asseda.ch\/?page_id=93\">Armenia\/Quindio-Colombie<\/a><\/li>\n<li><a href=\"https:\/\/asseda.ch\/?page_id=115\">Kilom\u00e8tre 123-Mexique<\/a><\/li>\n<li><a href=\"https:\/\/asseda.ch\/?page_id=117\">Campulung Arges-Roumanie<\/a><\/li>\n<li><a href=\"https:\/\/asseda.ch\/?page_id=70\">Odobesti \u2013 Roumanie<\/a><\/li>\n<li><a href=\"https:\/\/asseda.ch\/?page_id=139\">New Dehli-Inde<\/a><\/li>\n<li><a href=\"https:\/\/asseda.ch\/?page_id=52\">Makeni-Sierra Leone<\/a><\/li>\n<\/ul>\n","protected":false},"excerpt":{"rendered":"<p>Depuis sa fondation en 1996, ASSEDA a d\u00e9j\u00e0 soutenu de nombreux projets soit ponctuels soit sur du long terme. Consultez les sous les onglets des projets r\u00e9alis\u00e9s ou cliquez ci-dessous POPDAS\u2019s Sierra Leonne Kinshasa-RD Congo Armenia\/Quindio-Colombie Kilom\u00e8tre 123-Mexique Campulung Arges-Roumanie Odobesti \u2013 Roumanie New Dehli-Inde Makeni-Sierra Leone <a class=\"continue-reading-link\" href=\"https:\/\/asseda.ch\/?page_id=50\">Continue reading<\/a><\/p>\n","protected":false},"author":2,"featured_media":0,"parent":0,"menu_order":5,"comment_status":"closed","ping_status":"closed","template":"","meta":{"footnotes":""},"class_list":["post-50","page","type-page","status-publish","hentry"],"_links":{"self":[{"href":"https:\/\/asseda.ch\/index.php?rest_route=\/wp\/v2\/pages\/50"}],"collection":[{"href":"https:\/\/asseda.ch\/index.php?rest_route=\/wp\/v2\/pages"}],"about":[{"href":"https:\/\/asseda.ch\/index.php?rest_route=\/wp\/v2\/types\/page"}],"author":[{"embeddable":true,"href":"https:\/\/asseda.ch\/index.php?rest_route=\/wp\/v2\/users\/2"}],"replies":[{"embeddable":true,"href":"https:\/\/asseda.ch\/index.php?rest_route=%2Fwp%2Fv2%2Fcomments&post=50"}],"version-history":[{"count":10,"href":"https:\/\/asseda.ch\/index.php?rest_route=\/wp\/v2\/pages\/50\/revisions"}],"predecessor-version":[{"id":571,"href":"https:\/\/asseda.ch\/index.php?rest_route=\/wp\/v2\/pages\/50\/revisions\/571"}],"wp:attachment":[{"href":"https:\/\/asseda.ch\/index.php?rest_route=%2Fwp%2Fv2%2Fmedia&parent=50"}],"curies":[{"name":"wp","href":"https:\/\/api.w.org\/{rel}","templated":true}]}}