{"id":475,"date":"2024-04-03T08:16:27","date_gmt":"2024-04-03T07:16:27","guid":{"rendered":"https:\/\/asseda.ch\/?page_id=475"},"modified":"2024-04-03T09:11:40","modified_gmt":"2024-04-03T08:11:40","slug":"orphelinat-de-kiremba-au-burundi","status":"publish","type":"page","link":"https:\/\/asseda.ch\/?page_id=475","title":{"rendered":"Orphelinat de Kiremba au Burundi"},"content":{"rendered":"<div dir=\"ltr\">\n<div dir=\"ltr\">\n<p>Ma s\u0153ur adoptive Jos\u00e9phine qui a travaill\u00e9 durant plus de 30 ans pour le Haut Commissariat\u00a0aux R\u00e9fugi\u00e9s\u00a0a repris la gestion de l&#8217;orphelinat\u00a0de Kiremba.<\/p>\n<\/div>\n<\/div>\n<div dir=\"ltr\">\n<p>Asseda soutient cet orphelinat depuis 2023. Actuellement <strong>80 petits enfants<\/strong> sont pris en charge.<\/p>\n<\/div>\n<div dir=\"ltr\">\n<div dir=\"ltr\">\n<p>La courte vid\u00e9o ci-dessous met en lumi\u00e8re l&#8217;activit\u00e9 que d\u00e9ploie Jos\u00e9phine pour cette institution.<\/p>\n<\/div>\n<\/div>\n<div dir=\"ltr\">\n<div dir=\"ltr\">\n<p><a href=\"https:\/\/asseda.ch\/wp-content\/uploads\/2024\/04\/Orphelinat-Kiremba-Burundi.mp4\" target=\"_blank\" rel=\"noopener\"><img loading=\"lazy\" decoding=\"async\" class=\"alignnone size-medium wp-image-485\" src=\"https:\/\/asseda.ch\/wp-content\/uploads\/2024\/04\/video-kiremba-300x168.png\" alt=\"\" width=\"300\" height=\"168\" srcset=\"https:\/\/asseda.ch\/wp-content\/uploads\/2024\/04\/video-kiremba-300x168.png 300w, https:\/\/asseda.ch\/wp-content\/uploads\/2024\/04\/video-kiremba-150x84.png 150w, https:\/\/asseda.ch\/wp-content\/uploads\/2024\/04\/video-kiremba.png 500w\" sizes=\"(max-width: 300px) 100vw, 300px\" \/><\/a><\/p>\n<\/div>\n<\/div>\n<div dir=\"ltr\">\n<div dir=\"ltr\">\n<p><a href=\"https:\/\/asseda.ch\/wp-content\/uploads\/2024\/04\/Orphelinat-Kiremba-Burundi.mp4\" target=\"_blank\" rel=\"noopener\">&gt;&gt; Orphelinat Kiremba Burundi<\/a><\/p>\n<\/div>\n<\/div>\n","protected":false},"excerpt":{"rendered":"<p>Ma s\u0153ur adoptive Jos\u00e9phine qui a travaill\u00e9 durant plus de 30 ans pour le Haut Commissariat\u00a0aux R\u00e9fugi\u00e9s\u00a0a repris la gestion de l&#8217;orphelinat\u00a0de Kiremba. Asseda soutient cet orphelinat depuis 2023. Actuellement 80 petits enfants sont pris en charge. La courte vid\u00e9o ci-dessous met en lumi\u00e8re l&#8217;activit\u00e9 que d\u00e9ploie Jos\u00e9phine pour cette\u2026 <a class=\"continue-reading-link\" href=\"https:\/\/asseda.ch\/?page_id=475\">Continue reading<\/a><\/p>\n","protected":false},"author":3,"featured_media":0,"parent":0,"menu_order":0,"comment_status":"closed","ping_status":"closed","template":"","meta":{"footnotes":""},"class_list":["post-475","page","type-page","status-publish","hentry"],"_links":{"self":[{"href":"https:\/\/asseda.ch\/index.php?rest_route=\/wp\/v2\/pages\/475"}],"collection":[{"href":"https:\/\/asseda.ch\/index.php?rest_route=\/wp\/v2\/pages"}],"about":[{"href":"https:\/\/asseda.ch\/index.php?rest_route=\/wp\/v2\/types\/page"}],"author":[{"embeddable":true,"href":"https:\/\/asseda.ch\/index.php?rest_route=\/wp\/v2\/users\/3"}],"replies":[{"embeddable":true,"href":"https:\/\/asseda.ch\/index.php?rest_route=%2Fwp%2Fv2%2Fcomments&post=475"}],"version-history":[{"count":5,"href":"https:\/\/asseda.ch\/index.php?rest_route=\/wp\/v2\/pages\/475\/revisions"}],"predecessor-version":[{"id":490,"href":"https:\/\/asseda.ch\/index.php?rest_route=\/wp\/v2\/pages\/475\/revisions\/490"}],"wp:attachment":[{"href":"https:\/\/asseda.ch\/index.php?rest_route=%2Fwp%2Fv2%2Fmedia&parent=475"}],"curies":[{"name":"wp","href":"https:\/\/api.w.org\/{rel}","templated":true}]}}