{"id":443,"date":"2024-04-03T07:51:59","date_gmt":"2024-04-03T06:51:59","guid":{"rendered":"https:\/\/asseda.ch\/?page_id=443"},"modified":"2024-04-03T09:12:04","modified_gmt":"2024-04-03T08:12:04","slug":"orphelinat-madagascar-mananjary","status":"publish","type":"page","link":"https:\/\/asseda.ch\/?page_id=443","title":{"rendered":"Madagascar Mananjary"},"content":{"rendered":"<p><a href=\"https:\/\/asseda.ch\/wp-content\/uploads\/2024\/04\/Madagascar.png\" data-rel=\"lightbox-image-0\" data-rl_title=\"\" data-rl_caption=\"\" title=\"\"><img loading=\"lazy\" decoding=\"async\" class=\"size-medium wp-image-444 alignleft\" src=\"https:\/\/asseda.ch\/wp-content\/uploads\/2024\/04\/Madagascar-300x232.png\" alt=\"\" width=\"300\" height=\"232\" srcset=\"https:\/\/asseda.ch\/wp-content\/uploads\/2024\/04\/Madagascar-300x232.png 300w, https:\/\/asseda.ch\/wp-content\/uploads\/2024\/04\/Madagascar-768x594.png 768w, https:\/\/asseda.ch\/wp-content\/uploads\/2024\/04\/Madagascar-453x350.png 453w, https:\/\/asseda.ch\/wp-content\/uploads\/2024\/04\/Madagascar-150x116.png 150w, https:\/\/asseda.ch\/wp-content\/uploads\/2024\/04\/Madagascar.png 797w\" sizes=\"(max-width: 300px) 100vw, 300px\" \/><\/a><\/p>\n<p>&nbsp;<\/p>\n<p>L\u2019orphelinat de Mananjary recueille les enfants jumeaux consid\u00e9r\u00e9s comme une mal\u00e9diction et donc abandonn\u00e9s. Asseda paye chaque mois le compl\u00e9ment n\u00e9cessaire pour une nourriture suffisante<\/p>\n","protected":false},"excerpt":{"rendered":"<p>&nbsp; L\u2019orphelinat de Mananjary recueille les enfants jumeaux consid\u00e9r\u00e9s comme une mal\u00e9diction et donc abandonn\u00e9s. Asseda paye chaque mois le compl\u00e9ment n\u00e9cessaire pour une nourriture suffisante <a class=\"continue-reading-link\" href=\"https:\/\/asseda.ch\/?page_id=443\">Continue reading<\/a><\/p>\n","protected":false},"author":3,"featured_media":0,"parent":0,"menu_order":0,"comment_status":"closed","ping_status":"closed","template":"","meta":{"footnotes":""},"class_list":["post-443","page","type-page","status-publish","hentry"],"_links":{"self":[{"href":"https:\/\/asseda.ch\/index.php?rest_route=\/wp\/v2\/pages\/443"}],"collection":[{"href":"https:\/\/asseda.ch\/index.php?rest_route=\/wp\/v2\/pages"}],"about":[{"href":"https:\/\/asseda.ch\/index.php?rest_route=\/wp\/v2\/types\/page"}],"author":[{"embeddable":true,"href":"https:\/\/asseda.ch\/index.php?rest_route=\/wp\/v2\/users\/3"}],"replies":[{"embeddable":true,"href":"https:\/\/asseda.ch\/index.php?rest_route=%2Fwp%2Fv2%2Fcomments&post=443"}],"version-history":[{"count":2,"href":"https:\/\/asseda.ch\/index.php?rest_route=\/wp\/v2\/pages\/443\/revisions"}],"predecessor-version":[{"id":457,"href":"https:\/\/asseda.ch\/index.php?rest_route=\/wp\/v2\/pages\/443\/revisions\/457"}],"wp:attachment":[{"href":"https:\/\/asseda.ch\/index.php?rest_route=%2Fwp%2Fv2%2Fmedia&parent=443"}],"curies":[{"name":"wp","href":"https:\/\/api.w.org\/{rel}","templated":true}]}}