{"id":418,"date":"2024-03-27T10:00:35","date_gmt":"2024-03-27T09:00:35","guid":{"rendered":"https:\/\/asseda.ch\/?page_id=418"},"modified":"2024-03-27T10:03:26","modified_gmt":"2024-03-27T09:03:26","slug":"popdass-sierra-leonne","status":"publish","type":"page","link":"https:\/\/asseda.ch\/?page_id=418","title":{"rendered":"POPDAS&#8217;s Sierra Leonne"},"content":{"rendered":"<h5>Polio Persons Development Association<\/h5>\n<p style=\"text-align: justify;\">Les personnes atteintes de poliomy\u00e9lite ont des s\u00e9quelles graves qui les emp\u00eachent de travailler pour assumer leur propre entretien. Ces personnes sont tr\u00e8s d\u00e9pendantes des aides ext\u00e9rieures.<\/p>\n<p style=\"text-align: justify;\">Dans le village de POPDA&#8217;S, les familles se sont r\u00e9unies pour affronter ensemble les difficult\u00e9s de la vie. Elles vivent l\u00e0 en communaut\u00e9 et s&#8217;entraident. Pour assurer un minuscule revenu, les adultes ont cr\u00e9\u00e9 des ateliers. Ils peuvent coudre des v\u00eatements sur mesure selon des photos de mod\u00e8les, fabriquer des sandales en cuir sur mesure, r\u00e9parer de petits appareils \u00e9lectroniques (radios, etc.) ou encore fabriquer du savon et de la poudre \u00e0 lessive.<\/p>\n<p style=\"text-align: justify;\">Leur production est vendue sur le march\u00e9 de la ville voisine et leur permet de s&#8217;acheter de la nourriture. Mais ils n&#8217;ont pas la possibilit\u00e9 de payer les frais de scolarit\u00e9 qui donneraient acc\u00e8s \u00e0 l&#8217;instruction de leurs enfants.<\/p>\n<p><img loading=\"lazy\" decoding=\"async\" class=\"aligncenter wp-image-86 size-large\" src=\"http:\/\/asseda.ch\/wp-content\/uploads\/2014\/09\/DSC_0276-copie-1024x685.jpg\" alt=\"DSC_0276 - copie\" width=\"604\" height=\"404\" srcset=\"https:\/\/asseda.ch\/wp-content\/uploads\/2014\/09\/DSC_0276-copie-1024x685.jpg 1024w, https:\/\/asseda.ch\/wp-content\/uploads\/2014\/09\/DSC_0276-copie-300x200.jpg 300w\" sizes=\"(max-width: 604px) 100vw, 604px\" \/><\/p>\n<p>village des &#8220;POPDA&#8217;S&#8221; situ\u00e9 pr\u00e8s de l&#8217;h\u00f4pital de Magbenteh Community Hospital<\/p>\n<p><img loading=\"lazy\" decoding=\"async\" class=\"aligncenter size-large wp-image-85\" src=\"http:\/\/asseda.ch\/wp-content\/uploads\/2014\/09\/DSC_0251-copie-1024x685.jpg\" alt=\"DSC_0251 - copie\" width=\"604\" height=\"404\" srcset=\"https:\/\/asseda.ch\/wp-content\/uploads\/2014\/09\/DSC_0251-copie-1024x685.jpg 1024w, https:\/\/asseda.ch\/wp-content\/uploads\/2014\/09\/DSC_0251-copie-300x200.jpg 300w\" sizes=\"(max-width: 604px) 100vw, 604px\" \/><\/p>\n<p>habit\u00e9 uniquement de familles dont un ou plusieurs membres ont \u00e9t\u00e9 atteints de polio<\/p>\n<p><img loading=\"lazy\" decoding=\"async\" class=\"aligncenter size-large wp-image-88\" src=\"http:\/\/asseda.ch\/wp-content\/uploads\/2014\/09\/DSC_0317-copie-1024x685.jpg\" alt=\"DSC_0317 - copie\" width=\"604\" height=\"404\" srcset=\"https:\/\/asseda.ch\/wp-content\/uploads\/2014\/09\/DSC_0317-copie-1024x685.jpg 1024w, https:\/\/asseda.ch\/wp-content\/uploads\/2014\/09\/DSC_0317-copie-300x200.jpg 300w\" sizes=\"(max-width: 604px) 100vw, 604px\" \/><\/p>\n<p>les enfants ne sont pas forc\u00e9ment atteints, mais n\u00e9s de parents polios<\/p>\n<p><img loading=\"lazy\" decoding=\"async\" class=\"aligncenter size-large wp-image-87\" src=\"http:\/\/asseda.ch\/wp-content\/uploads\/2014\/09\/DSC_0307-copie-1024x685.jpg\" alt=\"DSC_0307 - copie\" width=\"604\" height=\"404\" srcset=\"https:\/\/asseda.ch\/wp-content\/uploads\/2014\/09\/DSC_0307-copie-1024x685.jpg 1024w, https:\/\/asseda.ch\/wp-content\/uploads\/2014\/09\/DSC_0307-copie-300x200.jpg 300w\" sizes=\"(max-width: 604px) 100vw, 604px\" \/><\/p>\n<p>la vie en communaut\u00e9 &#8230;<\/p>\n<p><img loading=\"lazy\" decoding=\"async\" class=\"aligncenter size-large wp-image-89\" src=\"http:\/\/asseda.ch\/wp-content\/uploads\/2014\/09\/DSC_0320-copie-1024x685.jpg\" alt=\"DSC_0320 - copie\" width=\"604\" height=\"404\" srcset=\"https:\/\/asseda.ch\/wp-content\/uploads\/2014\/09\/DSC_0320-copie-1024x685.jpg 1024w, https:\/\/asseda.ch\/wp-content\/uploads\/2014\/09\/DSC_0320-copie-300x200.jpg 300w\" sizes=\"(max-width: 604px) 100vw, 604px\" \/><\/p>\n<p>les sourires sont l\u00e0 malgr\u00e9 l&#8217;adversit\u00e9<\/p>\n<address>ASSEDA a pris en charge d\u00e8s l&#8217;ann\u00e9e scolaire 2012-2013 les frais de scolarit\u00e9 de 20 enfants, soit 1&#8217;500 frs annuels qui couvrent l&#8217;inscription, l&#8217;uniforme obligatoire et le mat\u00e9riel scolaire.<\/address>\n<p style=\"text-align: justify;\">\n","protected":false},"excerpt":{"rendered":"<p>Polio Persons Development Association Les personnes atteintes de poliomy\u00e9lite ont des s\u00e9quelles graves qui les emp\u00eachent de travailler pour assumer leur propre entretien. Ces personnes sont tr\u00e8s d\u00e9pendantes des aides ext\u00e9rieures. Dans le village de POPDA&#8217;S, les familles se sont r\u00e9unies pour affronter ensemble les difficult\u00e9s de la vie. Elles\u2026 <a class=\"continue-reading-link\" href=\"https:\/\/asseda.ch\/?page_id=418\">Continue reading<\/a><\/p>\n","protected":false},"author":3,"featured_media":0,"parent":0,"menu_order":0,"comment_status":"closed","ping_status":"closed","template":"","meta":{"footnotes":""},"class_list":["post-418","page","type-page","status-publish","hentry"],"_links":{"self":[{"href":"https:\/\/asseda.ch\/index.php?rest_route=\/wp\/v2\/pages\/418"}],"collection":[{"href":"https:\/\/asseda.ch\/index.php?rest_route=\/wp\/v2\/pages"}],"about":[{"href":"https:\/\/asseda.ch\/index.php?rest_route=\/wp\/v2\/types\/page"}],"author":[{"embeddable":true,"href":"https:\/\/asseda.ch\/index.php?rest_route=\/wp\/v2\/users\/3"}],"replies":[{"embeddable":true,"href":"https:\/\/asseda.ch\/index.php?rest_route=%2Fwp%2Fv2%2Fcomments&post=418"}],"version-history":[{"count":2,"href":"https:\/\/asseda.ch\/index.php?rest_route=\/wp\/v2\/pages\/418\/revisions"}],"predecessor-version":[{"id":425,"href":"https:\/\/asseda.ch\/index.php?rest_route=\/wp\/v2\/pages\/418\/revisions\/425"}],"wp:attachment":[{"href":"https:\/\/asseda.ch\/index.php?rest_route=%2Fwp%2Fv2%2Fmedia&parent=418"}],"curies":[{"name":"wp","href":"https:\/\/api.w.org\/{rel}","templated":true}]}}