{"id":402,"date":"2024-03-27T08:24:25","date_gmt":"2024-03-27T07:24:25","guid":{"rendered":"https:\/\/asseda.ch\/?page_id=402"},"modified":"2024-03-27T08:24:25","modified_gmt":"2024-03-27T07:24:25","slug":"rapport-dactivites-2022-2023","status":"publish","type":"page","link":"https:\/\/asseda.ch\/?page_id=402","title":{"rendered":"Rapport d\u2019activit\u00e9s 2022-2023"},"content":{"rendered":"<p><strong>Apport de nourriture aux \u00e9l\u00e8ves de la Boarding School \u00e0 Makeni, Sierra Leone<\/strong><br \/>\nLa Boarding School de Makeni a re\u00e7u notre soutien pour l\u2019ann\u00e9e scolaire 2022-2023, finan\u00e7ant une partie des repas de midi des 250 \u00e9l\u00e8ves. L\u2019\u00e9cole est un v\u00e9ritable succ\u00e8s pour la r\u00e9gion !<\/p>\n<p><strong>Projet d\u2019aide aux enfants des rues de Dakar, S\u00e9n\u00e9gal<br \/>\n<\/strong>L\u2019association AfroRenn rencontre \u00e9galement beaucoup de succ\u00e8s dans ses activit\u00e9s scolaires et musicales avec les enfants des rues. A tel point qu\u2019un programme d\u2019\u00e9missions de t\u00e9l\u00e9vision et des concerts publics sont en cours de r\u00e9alisation ! N\u2019h\u00e9sitez pas \u00e0 chercher le site internet de Karantaba Records o\u00f9 on peut voir les enfants jouer.<\/p>\n<p><strong>Magbenteh Hospital, programme \u00ab UNDER 5 \u00bb, Sierra Leone<br \/>\n<\/strong>Le programme de renutrition des enfants en dessous de 5 ans reste absolument indispensable vu l\u2019\u00e9tat de malnutrition de la population locale. Au d\u00e9but de 2023, le gouvernement a promis de financer ce programme.<\/p>\n<p><strong>Projet FACE, Le Caire, Egypte<br \/>\n<\/strong>L\u2019orphelinat fonctionne toujours avec une quarantaine d\u2019enfants de la naissance jusqu\u2019\u00e0 2 ans. Le co\u00fbt de la vie au Caire a beaucoup augment\u00e9 ces 2 derni\u00e8res ann\u00e9es, notamment en raison du rench\u00e9rissement des denr\u00e9es alimentaires de base, dont une grande partie \u00e9tait import\u00e9e d\u2019Ukraine.<\/p>\n","protected":false},"excerpt":{"rendered":"<p>Apport de nourriture aux \u00e9l\u00e8ves de la Boarding School \u00e0 Makeni, Sierra Leone La Boarding School de Makeni a re\u00e7u notre soutien pour l\u2019ann\u00e9e scolaire 2022-2023, finan\u00e7ant une partie des repas de midi des 250 \u00e9l\u00e8ves. L\u2019\u00e9cole est un v\u00e9ritable succ\u00e8s pour la r\u00e9gion ! Projet d\u2019aide aux enfants des\u2026 <a class=\"continue-reading-link\" href=\"https:\/\/asseda.ch\/?page_id=402\">Continue reading<\/a><\/p>\n","protected":false},"author":3,"featured_media":0,"parent":0,"menu_order":0,"comment_status":"closed","ping_status":"closed","template":"","meta":{"footnotes":""},"class_list":["post-402","page","type-page","status-publish","hentry"],"_links":{"self":[{"href":"https:\/\/asseda.ch\/index.php?rest_route=\/wp\/v2\/pages\/402"}],"collection":[{"href":"https:\/\/asseda.ch\/index.php?rest_route=\/wp\/v2\/pages"}],"about":[{"href":"https:\/\/asseda.ch\/index.php?rest_route=\/wp\/v2\/types\/page"}],"author":[{"embeddable":true,"href":"https:\/\/asseda.ch\/index.php?rest_route=\/wp\/v2\/users\/3"}],"replies":[{"embeddable":true,"href":"https:\/\/asseda.ch\/index.php?rest_route=%2Fwp%2Fv2%2Fcomments&post=402"}],"version-history":[{"count":1,"href":"https:\/\/asseda.ch\/index.php?rest_route=\/wp\/v2\/pages\/402\/revisions"}],"predecessor-version":[{"id":403,"href":"https:\/\/asseda.ch\/index.php?rest_route=\/wp\/v2\/pages\/402\/revisions\/403"}],"wp:attachment":[{"href":"https:\/\/asseda.ch\/index.php?rest_route=%2Fwp%2Fv2%2Fmedia&parent=402"}],"curies":[{"name":"wp","href":"https:\/\/api.w.org\/{rel}","templated":true}]}}