{"id":309,"date":"2019-05-08T17:53:36","date_gmt":"2019-05-08T16:53:36","guid":{"rendered":"https:\/\/asseda.ch\/?page_id=309"},"modified":"2024-08-21T09:53:19","modified_gmt":"2024-08-21T08:53:19","slug":"accueil-2","status":"publish","type":"page","link":"https:\/\/asseda.ch\/","title":{"rendered":"Page d&#8217;accueil ASSEDA"},"content":{"rendered":"<h4><span style=\"color: #003300;\"><strong>ASSEDA<\/strong>, <strong>A<\/strong>ssociation <strong>S<\/strong>uisse de <strong>S<\/strong>outien aux <strong>E<\/strong>nfants <strong>D<\/strong>\u00e9favoris\u00e9s ou <strong>A<\/strong>bandonn\u00e9es est une association d\u2019utilit\u00e9 publique depuis <strong>1996<\/strong> active dans plusieurs pays: au <strong>Burundi<\/strong>,\u00a0 en <strong>RD <\/strong>du<strong> Congo<\/strong>,\u00a0 en <strong>Egypte<\/strong>, en <strong>Sierra Leone<\/strong>, au <strong>S\u00e9n\u00e9gal<\/strong>, <\/span><span style=\"color: #003300;\">au <strong>Cambodge<\/strong> en <strong>Inde<\/strong> et \u00e0 <strong>Madagascar<\/strong>.<\/span><span style=\"color: #003300;\"><a style=\"color: #003300;\" href=\"https:\/\/asseda.ch\/wp-content\/uploads\/2024\/04\/inde-3.jpg\" data-rel=\"lightbox-image-0\" data-rl_title=\"\" data-rl_caption=\"\" title=\"\"><img loading=\"lazy\" decoding=\"async\" class=\"wp-image-466 alignleft\" src=\"https:\/\/asseda.ch\/wp-content\/uploads\/2024\/04\/inde-3-300x178.jpg\" alt=\"\" width=\"263\" height=\"156\" srcset=\"https:\/\/asseda.ch\/wp-content\/uploads\/2024\/04\/inde-3-300x178.jpg 300w, https:\/\/asseda.ch\/wp-content\/uploads\/2024\/04\/inde-3-590x350.jpg 590w, https:\/\/asseda.ch\/wp-content\/uploads\/2024\/04\/inde-3-150x89.jpg 150w, https:\/\/asseda.ch\/wp-content\/uploads\/2024\/04\/inde-3.jpg 600w\" sizes=\"(max-width: 263px) 100vw, 263px\" \/><\/a><\/span><\/h4>\n<h4><\/h4>\n<h4><span style=\"color: #003300;\">\u00a0<\/span><\/h4>\n<p>&nbsp;<\/p>\n<p><a href=\"https:\/\/asseda.ch\/wp-content\/uploads\/2024\/08\/button-donation2.png\" data-rel=\"lightbox-image-1\" data-rl_title=\"\" data-rl_caption=\"\" title=\"\"><img loading=\"lazy\" decoding=\"async\" class=\"wp-image-542 aligncenter\" src=\"https:\/\/asseda.ch\/wp-content\/uploads\/2024\/08\/button-donation2.png\" alt=\"\" width=\"180\" height=\"81\" srcset=\"https:\/\/asseda.ch\/wp-content\/uploads\/2024\/08\/button-donation2.png 200w, https:\/\/asseda.ch\/wp-content\/uploads\/2024\/08\/button-donation2-150x68.png 150w\" sizes=\"(max-width: 180px) 100vw, 180px\" \/><\/a><\/p>\n","protected":false},"excerpt":{"rendered":"<p>ASSEDA, Association Suisse de Soutien aux Enfants D\u00e9favoris\u00e9s ou Abandonn\u00e9es est une association d\u2019utilit\u00e9 publique depuis 1996 active dans plusieurs pays: au Burundi,\u00a0 en RD du Congo,\u00a0 en Egypte, en Sierra Leone, au S\u00e9n\u00e9gal, au Cambodge en Inde et \u00e0 Madagascar. \u00a0 &nbsp; <a class=\"continue-reading-link\" href=\"https:\/\/asseda.ch\/\">Continue reading<\/a><\/p>\n","protected":false},"author":2,"featured_media":0,"parent":0,"menu_order":0,"comment_status":"closed","ping_status":"closed","template":"","meta":{"footnotes":""},"class_list":["post-309","page","type-page","status-publish","hentry"],"_links":{"self":[{"href":"https:\/\/asseda.ch\/index.php?rest_route=\/wp\/v2\/pages\/309"}],"collection":[{"href":"https:\/\/asseda.ch\/index.php?rest_route=\/wp\/v2\/pages"}],"about":[{"href":"https:\/\/asseda.ch\/index.php?rest_route=\/wp\/v2\/types\/page"}],"author":[{"embeddable":true,"href":"https:\/\/asseda.ch\/index.php?rest_route=\/wp\/v2\/users\/2"}],"replies":[{"embeddable":true,"href":"https:\/\/asseda.ch\/index.php?rest_route=%2Fwp%2Fv2%2Fcomments&post=309"}],"version-history":[{"count":43,"href":"https:\/\/asseda.ch\/index.php?rest_route=\/wp\/v2\/pages\/309\/revisions"}],"predecessor-version":[{"id":561,"href":"https:\/\/asseda.ch\/index.php?rest_route=\/wp\/v2\/pages\/309\/revisions\/561"}],"wp:attachment":[{"href":"https:\/\/asseda.ch\/index.php?rest_route=%2Fwp%2Fv2%2Fmedia&parent=309"}],"curies":[{"name":"wp","href":"https:\/\/api.w.org\/{rel}","templated":true}]}}