{"id":29,"date":"2014-09-07T15:37:11","date_gmt":"2014-09-07T14:37:11","guid":{"rendered":"http:\/\/asseda.ch\/?page_id=29"},"modified":"2024-04-04T07:37:20","modified_gmt":"2024-04-04T06:37:20","slug":"contact","status":"publish","type":"page","link":"https:\/\/asseda.ch\/?page_id=29","title":{"rendered":"Remerciements"},"content":{"rendered":"<div dir=\"ltr\"><a href=\"https:\/\/asseda.ch\/wp-content\/uploads\/2024\/04\/20231115_094850-scaled.jpg\" data-rel=\"lightbox-image-0\" data-rl_title=\"\" data-rl_caption=\"\" title=\"\"><img loading=\"lazy\" decoding=\"async\" class=\"size-medium wp-image-452 alignright\" src=\"https:\/\/asseda.ch\/wp-content\/uploads\/2024\/04\/20231115_094850-123x300.jpg\" alt=\"\" width=\"123\" height=\"300\" srcset=\"https:\/\/asseda.ch\/wp-content\/uploads\/2024\/04\/20231115_094850-123x300.jpg 123w, https:\/\/asseda.ch\/wp-content\/uploads\/2024\/04\/20231115_094850-419x1024.jpg 419w, https:\/\/asseda.ch\/wp-content\/uploads\/2024\/04\/20231115_094850-768x1875.jpg 768w, https:\/\/asseda.ch\/wp-content\/uploads\/2024\/04\/20231115_094850-629x1536.jpg 629w, https:\/\/asseda.ch\/wp-content\/uploads\/2024\/04\/20231115_094850-839x2048.jpg 839w, https:\/\/asseda.ch\/wp-content\/uploads\/2024\/04\/20231115_094850-143x350.jpg 143w, https:\/\/asseda.ch\/wp-content\/uploads\/2024\/04\/20231115_094850-61x150.jpg 61w, https:\/\/asseda.ch\/wp-content\/uploads\/2024\/04\/20231115_094850-scaled.jpg 1048w\" sizes=\"(max-width: 123px) 100vw, 123px\" \/><\/a>Merci \u00e0 tous nos amis et nos fid\u00e8les membres d\u2019Asseda.<\/div>\n<ul>\n<li dir=\"ltr\">Multigest Fiduciaire SA<\/li>\n<li dir=\"ltr\">Commune de Choulex<\/li>\n<\/ul>\n<div dir=\"ltr\">R\u00e9my , Suzi, Florence, Sonja , Marie-Christine, Ren\u00e9. Alexie et Chantal .<\/div>\n<p>Vous pouvez nous contacter depuis <a href=\"https:\/\/asseda.ch\/?page_id=34\">notre page du comit\u00e9<\/a> o\u00f9 vous trouverez toutes nos coordonn\u00e9es.<\/p>\n<p>&nbsp;<\/p>\n","protected":false},"excerpt":{"rendered":"<p>Merci \u00e0 tous nos amis et nos fid\u00e8les membres d\u2019Asseda. Multigest Fiduciaire SA Commune de Choulex R\u00e9my , Suzi, Florence, Sonja , Marie-Christine, Ren\u00e9. Alexie et Chantal . Vous pouvez nous contacter depuis notre page du comit\u00e9 o\u00f9 vous trouverez toutes nos coordonn\u00e9es. &nbsp; <a class=\"continue-reading-link\" href=\"https:\/\/asseda.ch\/?page_id=29\">Continue reading<\/a><\/p>\n","protected":false},"author":2,"featured_media":0,"parent":0,"menu_order":2147483647,"comment_status":"closed","ping_status":"closed","template":"","meta":{"footnotes":""},"class_list":["post-29","page","type-page","status-publish","hentry"],"_links":{"self":[{"href":"https:\/\/asseda.ch\/index.php?rest_route=\/wp\/v2\/pages\/29"}],"collection":[{"href":"https:\/\/asseda.ch\/index.php?rest_route=\/wp\/v2\/pages"}],"about":[{"href":"https:\/\/asseda.ch\/index.php?rest_route=\/wp\/v2\/types\/page"}],"author":[{"embeddable":true,"href":"https:\/\/asseda.ch\/index.php?rest_route=\/wp\/v2\/users\/2"}],"replies":[{"embeddable":true,"href":"https:\/\/asseda.ch\/index.php?rest_route=%2Fwp%2Fv2%2Fcomments&post=29"}],"version-history":[{"count":10,"href":"https:\/\/asseda.ch\/index.php?rest_route=\/wp\/v2\/pages\/29\/revisions"}],"predecessor-version":[{"id":515,"href":"https:\/\/asseda.ch\/index.php?rest_route=\/wp\/v2\/pages\/29\/revisions\/515"}],"wp:attachment":[{"href":"https:\/\/asseda.ch\/index.php?rest_route=%2Fwp%2Fv2%2Fmedia&parent=29"}],"curies":[{"name":"wp","href":"https:\/\/api.w.org\/{rel}","templated":true}]}}