{"id":231,"date":"2016-12-26T17:50:08","date_gmt":"2016-12-26T16:50:08","guid":{"rendered":"https:\/\/asseda.ch\/?page_id=231"},"modified":"2016-12-26T22:10:45","modified_gmt":"2016-12-26T21:10:45","slug":"rapport-2014-2015","status":"publish","type":"page","link":"https:\/\/asseda.ch\/?page_id=231","title":{"rendered":"Rapport 2014-2015"},"content":{"rendered":"<p><em>P.B. nous pr\u00e9sente, en pr\u00e9ambule, Madame S.R., accompagn\u00e9e de Monsieur L.B. (ASAH) pour l\u2019association Espwa pou ti Mounes. <\/em><\/p>\n<p><em>\u00a0<u>Pr\u00e9sentation de l\u2019Association Espwa pou ti Mounes (Espoir pour les Enfants en Ha\u00efti<\/u><\/em><\/p>\n<p><em>Madame R. est infirmi\u00e8re scolaire \u00e0 l\u2019Ecole Nicolas Bouvier (Gen\u00e8ve) depuis 16 ans. Elle est Suisse mais n\u00e9e en Ha\u00efti. <\/em><\/p>\n<p><em>Elle a particip\u00e9 en 2008 \u00e0 la cr\u00e9ation d\u2019ORAEDH (organisation ha\u00eftienne d\u2019aide aux enfants en difficult\u00e9) et, suite au tremblement de terre de janvier 2010, elle a cr\u00e9\u00e9 l\u2019association suisse Espwa pou ti Mounes afin de r\u00e9colter l\u2019aide n\u00e9cessaire au soutien des nombreux enfants suppl\u00e9mentaires arriv\u00e9s apr\u00e8s la catastrophe.<\/em><\/p>\n<p><em>L\u2019orphelinat d\u2019ORAEDH se situe \u00e0 15km de Port-au-Prince. Les objectifs principaux sont d\u2019assurer une alimentation \u00e9quilibr\u00e9e aux enfants, ainsi que r\u00e9colter du mat\u00e9riel scolaire, des v\u00eatements, machines \u00e0 coudre et des linges de maison. Par ailleurs, l\u2019orphelinat a besoin de construire des sanitaires.<\/em><\/p>\n<p><em>Actuellement, 50 enfants de 5 \u00e0 17 ans se trouvent \u00e0 l\u2019orphelinat. L\u2019association de Madame R. a grand besoin d\u2019aide pour am\u00e9liorer les conditions de vie des enfants et c\u2019est \u00e0 ce titre qu\u2019elle est venue pr\u00e9senter Espwa pou ti Mounes devant les membres d\u2019ASSEDA.<\/em><\/p>\n<p><em>Nous lui avons demand\u00e9 une description pr\u00e9cise des besoins ainsi qu\u2019un budget par objet. Toutefois, l\u2019assembl\u00e9e g\u00e9n\u00e9rale vote un oui de principe unanime \u00e0 ce projet\u00a0; le Comit\u00e9 d\u2019ASSEDA se prononcera sur le montant allou\u00e9 d\u00e8s retour d\u2019information pr\u00e9cis de Madame R.<\/em><\/p>\n<p><em>\u00a0<u><br \/>\n<\/u><\/em><\/p>\n<p><em><u>Invit\u00e9\u00a0: Monsieur V.G. &#8211; Rapport concernant le refuge Juan XXIII, Colombie<\/u><\/em><\/p>\n<p><em>Monsieur G. a effectu\u00e9 plusieurs voyages en Colombie depuis notre derni\u00e8re assembl\u00e9e g\u00e9n\u00e9rale. Gr\u00e2ce aux efforts particuliers de l\u2019un de nos membres, c\u2019est plus de 30&#8217;000 CHF qu\u2019ASSEDA a re\u00e7u et revers\u00e9 \u00e0 Monsieur G. pour ce projet\u00a0!<\/em><\/p>\n<p><em>En r\u00e9sum\u00e9, Monsieur G. nous rappelle que le refuge accueille 80 enfants internes et 120 externes. Il s\u2019agit en majorit\u00e9 de jeunes filles battues, exploit\u00e9es, viol\u00e9es soit par leurs parents ou un tiers, souvent m\u00e8res \u00e0 un tr\u00e8s jeune \u00e2ge\u00a0; mais il y a aussi des gar\u00e7ons victimes de violences, de prostitution, d\u2019abus, etc. Les am\u00e9liorations apport\u00e9es gr\u00e2ce \u00e0 ces dons extraordinaires sont extr\u00eamement nombreuses. La liste d\u00e9taill\u00e9e se trouve dans un rapport de 35 pages extr\u00eamement bien document\u00e9 par Monsieur G. Les plus importantes sont\u00a0:<\/em><\/p>\n<ul>\n<li><em>travaux de construction pour maintenir \u00e0 niveau le b\u00e2timent et garder l\u2019autorisation gouvernementale pour continuer l\u2019activit\u00e9<\/em><\/li>\n<li><em>r\u00e9novation et \u00e9quipement d\u2019un cabinet dentaire pour soins aux enfants<\/em><\/li>\n<li><em>achats d\u2019articles divers pour les enfants, habits, chaussures, couches-culottes, etc.<\/em><\/li>\n<li><em>financement de divers ateliers et sorties pour les enfants, y compris une premi\u00e8re f\u00eate de No\u00ebl m\u00e9morable<\/em><\/li>\n<\/ul>\n<p><em>\u00a0Nous avons senti une grande \u00e9motion et reconnaissance de la part de Monsieur G. (repr\u00e9sentant les enfants). C\u2019est avec son d\u00e9vouement habituel qu\u2019il nous a annonc\u00e9 vouloir s\u2019installer en Colombie d\u00e8s 2016, au moment de sa retraite professionnelle, pour s\u2019occuper des enfants \u00e0 plein temps.<\/em><\/p>\n<p><em><u>Rapport d\u2019activit\u00e9 2014-2015<\/u><\/em><\/p>\n<p><em>\u00a0<strong>Orp<\/strong><\/em><strong><em>helinat d\u2019Odobesti, Roumanie<\/em><\/strong><\/p>\n<p><em>\u00a0Lors de notre derni\u00e8re assembl\u00e9e, nous avions d\u00e9cid\u00e9 de suspendre nos versements en Roumanie, faute de recevoir des rapports financiers r\u00e9guliers. D\u00e8s septembre 2014, nous n\u2019avons plus envoy\u00e9 de fonds \u00e0 l\u2019orphelinat d\u2019Odobesti. Force est de constater qu\u2019\u00e0 ce jour nous n\u2019avons eu absolument aucune nouvelle de leur part.<\/em><\/p>\n<p><em>\u00a0L\u2019assembl\u00e9e d\u00e9cide donc d\u2019arr\u00eater le soutien d\u2019ASSEDA \u00e0 ce projet.<\/em><\/p>\n<p><strong><em>\u00a0Orphelinat La Providence, Kinshasa, RD Congo<\/em><\/strong><\/p>\n<p><em>\u00a0Malgr\u00e9 le drame de 2014 (d\u00e9c\u00e8s accidentel de leur \u00e9ducateur) les enfants se sont bien remis et des adultes locaux assurent la continuit\u00e9 de l\u2019encadrement des enfants, notamment \u00ab\u00a0maman\u00a0\u00bb Liliane qui assure les d\u00e9penses et nous rend des rapports financiers mensuels tr\u00e8s complets.<\/em><\/p>\n<p><em>Gr\u00e2ce au d\u00e9vouement des employ\u00e9s de l\u2019ONU qui se \u00ab\u00a0passent le b\u00e9b\u00e9\u00a0\u00bb, nous avons pu continuer \u00e0 verser les 1&#8217;100.- frs mensuels de soutien \u00e0 l\u2019orphelinat. Comme tout se passe plut\u00f4t bien, il n\u2019y a rien de particulier \u00e0 signaler concernant ce projet qui continue sur sa lanc\u00e9e.<\/em><\/p>\n<p><strong><em>\u00a0Advanced Orphanage School de Makeni, Sierra Leone<\/em><\/strong><\/p>\n<p><em>\u00a0S. <\/em><em>et R. rentrent de voyage effectu\u00e9 \u00e0 Makeni en mai 2015. <\/em><\/p>\n<p><em>Suite \u00e0 l\u2019\u00e9pid\u00e9mie d\u2019Ebola, la paillote de l\u2019\u00e9cole a \u00e9t\u00e9 d\u00e9truite et le gouvernement a stopp\u00e9 les programmes scolaires (interdiction de se rassembler). Toutefois, en avril 2015, l\u2019\u00e9cole a recommenc\u00e9. Ayant appris fortuitement que le directeur de l\u2019Advanced Orphanage School touchait \u00e9galement de l\u2019aide de la part d\u2019une association am\u00e9ricaine, nous lui avons demand\u00e9 la transparence sur ses comptes, ce qu\u2019il nous a refus\u00e9. Dans ces conditions, nous avons d\u00fb nous r\u00e9soudre \u00e0 stopper notre soutien pour l\u2019achat de la nourriture aux enfants scolaris\u00e9s.<\/em><\/p>\n<p><em>\u00a0<\/em><strong><em>Scolarisation d\u2019enfants village des polios \u00e0 Magbenteh, Sierra Leone<\/em><\/strong><\/p>\n<p><strong><em>\u00a0<\/em><\/strong><em>ASSEDA a vot\u00e9 et pay\u00e9 1&#8217;500 CHF pour scolariser 20 enfants n\u00e9cessiteux du village des polios \u00e0 Magbenteh. Il s\u2019agissait de l\u2019ann\u00e9e scolaire 2014-2015. Mais comme l\u2019\u00e9pid\u00e9mie Ebola a emp\u00each\u00e9 les programmes scolaires de continuer, notre aide a \u00e9t\u00e9 gard\u00e9e pour l\u2019ann\u00e9e scolaire 2015-2016 qui vient de recommencer. Tous les enfants de Sierra Leone ont perdu une ann\u00e9e scolaire enti\u00e8re\u00a0!<\/em><\/p>\n<p><strong><em>\u00a0Projet d\u2019\u00e9cole primaire et secondaire, projet d\u2019orphelinat et de centre nutritionnel pour les enfants en dessous de 5 ans \u00e0 Magbenteh, Sierra Leone<\/em><\/strong><\/p>\n<p><strong><em>\u00a0<\/em><\/strong><em>L\u2019administration du Magbenteh Community Hospital m\u00e8ne plusieurs projets en faveur des enfants. <\/em><\/p>\n<p><em>D\u2019une part, elle souhaite remettre en activit\u00e9, apr\u00e8s la crise Ebola, un centre nutritionnel et de soins m\u00e9dicaux aux enfants en dessous de 5 ans. Ce programme est gratuit, financ\u00e9 par les activit\u00e9s m\u00e9dicales pour les adultes. ASSEDA pourrait venir en soutien, car l\u2019h\u00f4pital peine \u00e0 trouver les 40&#8217;000 CHF annuels pour assurer cette activit\u00e9 qu\u2019il menait d\u00e9j\u00e0 avant l\u2019\u00e9pid\u00e9mie. Le co\u00fbt d\u2019un traitement (m\u00e9dical et suppl\u00e9ment nutritionnel) pour un enfant est estim\u00e9 entre 20 et 30 $US.<\/em><\/p>\n<p><em>Par ailleurs, le MCH a le souhait de construire, avec l\u2019aide de sponsors locaux d\u00e9j\u00e0 promis, un centre scolaire sur un terrain proche qui lui a d\u00e9j\u00e0 \u00e9t\u00e9 offert officiellement par les villageois voisins. Il s\u2019agirait dans une premi\u00e8re phase de 2 b\u00e2timents de 3 classes chacun (40 enfants par classe soit 240 enfants au total pour un niveau primaire et un secondaire), ainsi qu\u2019un b\u00e2timent administratif. Le co\u00fbt de la premi\u00e8re phase est estim\u00e9 \u00e0 50&#8217;000 $US.<\/em><\/p>\n<p><em>\u00a0Dans une seconde phase, et en fonction des sponsors, l\u2019h\u00f4pital aimerait faire construire un orphelinat avec jusqu\u2019\u00e0 une centaine d\u2019enfants internes \u00e0 scolariser.<\/em><\/p>\n<p><em>\u00a0Ces projets \u00e9tant encore incertains, l\u2019ASSEDA aura probablement \u00e0 se prononcer lors de notre assembl\u00e9e dans un an.<\/em><\/p>\n<p><em>\u00a0<\/em><strong><em>Projet d\u2019\u00e9cole primaire et secondaire, lyc\u00e9e de Koza, Cameroun<\/em><\/strong><\/p>\n<p><strong><em>\u00a0<\/em><\/strong><em>Nous avons \u00e9t\u00e9 approch\u00e9s par l\u2019association Nicod\u00e8me (Carpentras, France) pour aider \u00e0 finaliser la construction de b\u00e2timents scolaires du lyc\u00e9e de Koza au nord du Cameroun. Nicod\u00e8me a d\u00e9j\u00e0 financ\u00e9 pour 13&#8217;000 \u20ac la construction des b\u00e2timents de l\u2019\u00e9cole primaire et a largement entam\u00e9 la construction de l\u2019\u00e9cole secondaire. Toutefois, elle se trouve en manque d\u2019une somme de 3&#8217;000 \u20ac pour achever son projet.<\/em><\/p>\n<p><em>Il n\u2019y a actuellement aucun moyen de se rendre \u00e0 Koza, en plein territoire des exactions de Boko Haram. Nicod\u00e8me re\u00e7oit tout de m\u00eame r\u00e9guli\u00e8rement par mail des nouvelles et des photos des enfants primaires d\u00e9j\u00e0 scolaris\u00e9s et de l\u2019avancement des classes secondaires en construction. Compte tenu de ce que tous les montants d\u00e9j\u00e0 vers\u00e9s par eux ont \u00e9t\u00e9 utilis\u00e9s avec honn\u00eatet\u00e9 dans ce projet, l\u2019assembl\u00e9e vote le soutien par ASSEDA pour les derniers 3&#8217;000 \u20ac.<\/em><\/p>\n<p>&nbsp;<\/p>\n","protected":false},"excerpt":{"rendered":"<p>P.B. nous pr\u00e9sente, en pr\u00e9ambule, Madame S.R., accompagn\u00e9e de Monsieur L.B. (ASAH) pour l\u2019association Espwa pou ti Mounes. \u00a0Pr\u00e9sentation de l\u2019Association Espwa pou ti Mounes (Espoir pour les Enfants en Ha\u00efti Madame R. est infirmi\u00e8re scolaire \u00e0 l\u2019Ecole Nicolas Bouvier (Gen\u00e8ve) depuis 16 ans. Elle est Suisse mais n\u00e9e en\u2026 <a class=\"continue-reading-link\" href=\"https:\/\/asseda.ch\/?page_id=231\">Continue reading<\/a><\/p>\n","protected":false},"author":2,"featured_media":0,"parent":98,"menu_order":1,"comment_status":"closed","ping_status":"closed","template":"","meta":{"footnotes":""},"class_list":["post-231","page","type-page","status-publish","hentry"],"_links":{"self":[{"href":"https:\/\/asseda.ch\/index.php?rest_route=\/wp\/v2\/pages\/231"}],"collection":[{"href":"https:\/\/asseda.ch\/index.php?rest_route=\/wp\/v2\/pages"}],"about":[{"href":"https:\/\/asseda.ch\/index.php?rest_route=\/wp\/v2\/types\/page"}],"author":[{"embeddable":true,"href":"https:\/\/asseda.ch\/index.php?rest_route=\/wp\/v2\/users\/2"}],"replies":[{"embeddable":true,"href":"https:\/\/asseda.ch\/index.php?rest_route=%2Fwp%2Fv2%2Fcomments&post=231"}],"version-history":[{"count":2,"href":"https:\/\/asseda.ch\/index.php?rest_route=\/wp\/v2\/pages\/231\/revisions"}],"predecessor-version":[{"id":239,"href":"https:\/\/asseda.ch\/index.php?rest_route=\/wp\/v2\/pages\/231\/revisions\/239"}],"up":[{"embeddable":true,"href":"https:\/\/asseda.ch\/index.php?rest_route=\/wp\/v2\/pages\/98"}],"wp:attachment":[{"href":"https:\/\/asseda.ch\/index.php?rest_route=%2Fwp%2Fv2%2Fmedia&parent=231"}],"curies":[{"name":"wp","href":"https:\/\/api.w.org\/{rel}","templated":true}]}}