{"id":212,"date":"2016-11-16T11:48:22","date_gmt":"2016-11-16T10:48:22","guid":{"rendered":"http:\/\/asseda.ch\/?page_id=212"},"modified":"2024-04-03T09:31:39","modified_gmt":"2024-04-03T08:31:39","slug":"caire-egypte","status":"publish","type":"page","link":"https:\/\/asseda.ch\/?page_id=212","title":{"rendered":"FACE CAIRE-EGYPTE"},"content":{"rendered":"<div dir=\"ltr\">\n<div dir=\"ltr\">\n<p><a href=\"https:\/\/asseda.ch\/wp-content\/uploads\/2024\/02\/orphelinat-caire.jpg\" data-rel=\"lightbox-image-0\" data-rl_title=\"\" data-rl_caption=\"\" title=\"\"><img loading=\"lazy\" decoding=\"async\" class=\"size-medium wp-image-414 alignleft\" src=\"https:\/\/asseda.ch\/wp-content\/uploads\/2024\/02\/orphelinat-caire-209x300.jpg\" alt=\"\" width=\"209\" height=\"300\" srcset=\"https:\/\/asseda.ch\/wp-content\/uploads\/2024\/02\/orphelinat-caire-209x300.jpg 209w, https:\/\/asseda.ch\/wp-content\/uploads\/2024\/02\/orphelinat-caire-715x1024.jpg 715w, https:\/\/asseda.ch\/wp-content\/uploads\/2024\/02\/orphelinat-caire-244x350.jpg 244w, https:\/\/asseda.ch\/wp-content\/uploads\/2024\/02\/orphelinat-caire-105x150.jpg 105w, https:\/\/asseda.ch\/wp-content\/uploads\/2024\/02\/orphelinat-caire.jpg 750w\" sizes=\"(max-width: 209px) 100vw, 209px\" \/><\/a>J&#8217;ai rencontr\u00e9 Flavia Schawn-Jackson lors d&#8217;un s\u00e9jour en Egypte.<\/p>\n<p>Fondatrice de l&#8217;orphelinat\u00a0<strong>FACE for Children<\/strong> in Need au Caire, elle est devenue une amie.<br \/>\nJe me rends plusieurs fois par ann\u00e9e en Egypte et il m&#8217;est ainsi possible de suivre les fruits de notre soutien.<\/p>\n<p>Voici quelques informations sur l&#8217;orphelinat : Il accueille des enfants de z\u00e9ro \u00e0 deux ans. La capacit\u00e9 actuelle est de 50 enfants et il y en a actuellement 45. Il est situ\u00e9 dans un quartier pauvre du Caire.<\/p>\n<p>Certains des enfants abandonn\u00e9s\u00a0sont handicap\u00e9s physiques, trisomiques, atteints de maladies comme la leuc\u00e9mie.<br \/>\nLors de ma premi\u00e8re visite en 2016, il me fut tr\u00e8s difficile de le trouver, personne ne parlant l&#8217;anglais, ce genre de structures priv\u00e9es n&#8217;\u00e9tant pas courantes.<\/p>\n<p>Asseda soutient cette petite structure fid\u00e8lement depuis 2016 pour des montants d&#8217;environ CHF 6000 par ann\u00e9e.<br \/>\nLes besoins des enfants sont tr\u00e8s basiques : lave-linges, vaccins, lait maternis\u00e9, etc.<\/p>\n<p>A chaque visite, je suis admirative de l&#8217;engagement\u00a0sans limites du personnel d&#8217;accompagnement (uniquement feminin) et de l&#8217;amour port\u00e9 \u00e0 tous ces enfants.<br \/>\nLors de ma derni\u00e8re visite, j&#8217;ai rencontr\u00e9 une famille qui a confi\u00e9 leur quatri\u00e8me enfant, ils ne pouvaient malheureusement plus l&#8217;assumer financi\u00e8rement. Le personnel les a assur\u00e9 qu&#8217;ils pouvaient venir voir leur petite fille en tout temps et qu&#8217;ils pourraient venir la reprendre si leur situation s&#8217;am\u00e9liorait.<br \/>\nLe combat de Flavia et la bonne gestion de Face au Caire ont inspir\u00e9 r\u00e9cemment le gouvernement egyptien dans sa refonte du syst\u00e8me de protection de l&#8217;enfance ainsi que des lois g\u00e9rant le droit \u00e0 l&#8217;adoption.<\/p>\n<div>\n<div><b><a href=\"http:\/\/www.facechildren.org\/\">www.facechildren.org<\/a><\/b><\/div>\n<\/div>\n<\/div>\n<\/div>\n<p>Voici quelques photos :<div class=\"rl-gallery-container rl-loading\" id=\"rl-gallery-container-1\" data-gallery_id=\"390\"> <div class=\"rl-gallery rl-basicgrid-gallery \" id=\"rl-gallery-1\" data-gallery_no=\"1\"> <div class=\"rl-gallery-item\"><a href=\"https:\/\/asseda.ch\/wp-content\/uploads\/2024\/02\/orphelinat-caire-2.jpg\" title=\"\" data-rl_title=\"\" class=\"rl-gallery-link\" data-rl_caption=\"\" data-rel=\"lightbox-gallery-1\"><img loading=\"lazy\" decoding=\"async\" src=\"https:\/\/asseda.ch\/wp-content\/uploads\/2024\/02\/orphelinat-caire-2-213x300.jpg\" width=\"213\" height=\"300\" alt=\"\"\/><\/a><\/div><div class=\"rl-gallery-item\"><a href=\"https:\/\/asseda.ch\/wp-content\/uploads\/2016\/11\/IMG_5868-e1479293150883.jpg\" title=\"\" data-rl_title=\"\" class=\"rl-gallery-link\" data-rl_caption=\"\" data-rel=\"lightbox-gallery-1\"><img loading=\"lazy\" decoding=\"async\" src=\"https:\/\/asseda.ch\/wp-content\/uploads\/2016\/11\/IMG_5868-e1479293150883-300x300.jpg\" width=\"300\" height=\"300\" alt=\"\"\/><\/a><\/div><div class=\"rl-gallery-item\"><a href=\"https:\/\/asseda.ch\/wp-content\/uploads\/2016\/11\/IMG_5864.jpg\" title=\"\" data-rl_title=\"\" class=\"rl-gallery-link\" data-rl_caption=\"\" data-rel=\"lightbox-gallery-1\"><img loading=\"lazy\" decoding=\"async\" src=\"https:\/\/asseda.ch\/wp-content\/uploads\/2016\/11\/IMG_5864-300x300.jpg\" width=\"300\" height=\"300\" alt=\"\"\/><\/a><\/div> <\/div> <\/div><\/p>\n<p>&nbsp;<\/p>\n","protected":false},"excerpt":{"rendered":"<p>J&#8217;ai rencontr\u00e9 Flavia Schawn-Jackson lors d&#8217;un s\u00e9jour en Egypte. Fondatrice de l&#8217;orphelinat\u00a0FACE for Children in Need au Caire, elle est devenue une amie. Je me rends plusieurs fois par ann\u00e9e en Egypte et il m&#8217;est ainsi possible de suivre les fruits de notre soutien. Voici quelques informations sur l&#8217;orphelinat :\u2026 <a class=\"continue-reading-link\" href=\"https:\/\/asseda.ch\/?page_id=212\">Continue reading<\/a><\/p>\n","protected":false},"author":2,"featured_media":0,"parent":6,"menu_order":6,"comment_status":"closed","ping_status":"closed","template":"","meta":{"footnotes":""},"class_list":["post-212","page","type-page","status-publish","hentry"],"_links":{"self":[{"href":"https:\/\/asseda.ch\/index.php?rest_route=\/wp\/v2\/pages\/212"}],"collection":[{"href":"https:\/\/asseda.ch\/index.php?rest_route=\/wp\/v2\/pages"}],"about":[{"href":"https:\/\/asseda.ch\/index.php?rest_route=\/wp\/v2\/types\/page"}],"author":[{"embeddable":true,"href":"https:\/\/asseda.ch\/index.php?rest_route=\/wp\/v2\/users\/2"}],"replies":[{"embeddable":true,"href":"https:\/\/asseda.ch\/index.php?rest_route=%2Fwp%2Fv2%2Fcomments&post=212"}],"version-history":[{"count":13,"href":"https:\/\/asseda.ch\/index.php?rest_route=\/wp\/v2\/pages\/212\/revisions"}],"predecessor-version":[{"id":392,"href":"https:\/\/asseda.ch\/index.php?rest_route=\/wp\/v2\/pages\/212\/revisions\/392"}],"up":[{"embeddable":true,"href":"https:\/\/asseda.ch\/index.php?rest_route=\/wp\/v2\/pages\/6"}],"wp:attachment":[{"href":"https:\/\/asseda.ch\/index.php?rest_route=%2Fwp%2Fv2%2Fmedia&parent=212"}],"curies":[{"name":"wp","href":"https:\/\/api.w.org\/{rel}","templated":true}]}}