{"id":21,"date":"2014-09-07T15:03:10","date_gmt":"2014-09-07T14:03:10","guid":{"rendered":"http:\/\/asseda.ch\/?page_id=21"},"modified":"2019-05-08T18:45:16","modified_gmt":"2019-05-08T17:45:16","slug":"kinshasa-rd-congo","status":"publish","type":"page","link":"https:\/\/asseda.ch\/?page_id=21","title":{"rendered":"Kinshasa-RD Congo"},"content":{"rendered":"<h5>Orphelinat &#8220;La Providence&#8221;\u00a0 :<\/h5>\n<p>Situ\u00e9 dans le quartier Munganga (route de Matadi),\u00a0 des filles et des gar\u00e7ons entre 8 et 13 ans vivent ensemble dans une maison achet\u00e9e par l&#8217;association &#8220;Fondation pour l&#8217;Afrique&#8221;. Cette association a \u00e9t\u00e9 fond\u00e9e par Monsieur France Mutombo Tshimuanga avec le motto : &#8220;accompagner les enfants sur leur chemin de vie&#8221;. Les enfants sont encadr\u00e9s par trois adultes.<\/p>\n<p><img loading=\"lazy\" decoding=\"async\" class=\"aligncenter size-full wp-image-38\" src=\"http:\/\/asseda.ch\/wp-content\/uploads\/2014\/09\/IMG_4795.jpg\" alt=\"IMG_4795\" width=\"448\" height=\"336\" srcset=\"https:\/\/asseda.ch\/wp-content\/uploads\/2014\/09\/IMG_4795.jpg 448w, https:\/\/asseda.ch\/wp-content\/uploads\/2014\/09\/IMG_4795-300x224.jpg 300w\" sizes=\"(max-width: 448px) 100vw, 448px\" \/> <img loading=\"lazy\" decoding=\"async\" class=\"aligncenter wp-image-39 size-full\" src=\"http:\/\/asseda.ch\/wp-content\/uploads\/2014\/09\/IMG_5462.jpg\" alt=\"IMG_5462\" width=\"448\" height=\"336\" srcset=\"https:\/\/asseda.ch\/wp-content\/uploads\/2014\/09\/IMG_5462.jpg 448w, https:\/\/asseda.ch\/wp-content\/uploads\/2014\/09\/IMG_5462-300x224.jpg 300w\" sizes=\"(max-width: 448px) 100vw, 448px\" \/><\/p>\n<address>ASSEDA a eu connaissance des difficult\u00e9s financi\u00e8res de La Providence par une amie, employ\u00e9e de l&#8217;ONU \u00e0 Kinshasa. L&#8217;association &#8220;Fondation pour l&#8217;Afrique&#8221; devait investir ses propres fonds dans la r\u00e9fection de la maison pour\u00a0 offrir un minimum d&#8217;hygi\u00e8ne au cadre de vie des enfants. Il ne restait plus d&#8217;argent pour faire fonctionner la maisonn\u00e9e.<\/address>\n<address>Depuis juin 2012, ASSEDA subventionne \u00e0 raison de 1&#8217;100.- frs par mois l&#8217;entretien des enfants et un petit salaire pour trois adultes encadreurs (100.- par mois et par personne). &#8220;Maman&#8221; Liliane nous fait parvenir des rapports financiers mensuels avec toutes les d\u00e9penses : alimentation, hygi\u00e8ne, \u00e9colage, soins m\u00e9dicaux, etc.<\/address>\n<address>Un employ\u00e9 du bureau onusien r\u00e9ceptionne et contr\u00f4le les sommes allou\u00e9es par ASSEDA et nous fournit \u00e9galement des rapports d&#8217;activit\u00e9 avec des photos.<\/address>\n<address>\u00a0<\/address>\n<address><span style=\"text-decoration: underline;\"><strong>VOICI DES NEWS RECUES PAR MAIL EN JUIN 2018<\/strong><\/span> :<\/address>\n<address>&#8220;Bonjour Suzi!<br \/>\nNous vous envoyons les photos des orphelins. pour votre information, nous avons renouveler certains biens de l&#8217;orphelinat (les mousses de chambre, les biens de la cuisine etc&#8230;), refait la peinture du salon ainsi que l\u2019ext\u00e9rieur de maison comme vous pouvez voir les photos avec l&#8217;implication des orphelins&#8230;<br \/>\nNous vous transmettons \u00e9galement le rapport financier de l\u2019\u00e9ch\u00e9ance pass\u00e9e<br \/>\nLili et Toto&#8221;<\/address>\n<address>\n\t\t<style type=\"text\/css\">\n\t\t\t#gallery-1 {\n\t\t\t\tmargin: auto;\n\t\t\t}\n\t\t\t#gallery-1 .gallery-item {\n\t\t\t\tfloat: left;\n\t\t\t\tmargin-top: 10px;\n\t\t\t\ttext-align: center;\n\t\t\t\twidth: 20%;\n\t\t\t}\n\t\t\t#gallery-1 img {\n\t\t\t\tborder: 2px solid #cfcfcf;\n\t\t\t}\n\t\t\t#gallery-1 .gallery-caption {\n\t\t\t\tmargin-left: 0;\n\t\t\t}\n\t\t\t\/* see gallery_shortcode() in wp-includes\/media.php *\/\n\t\t<\/style>\n\t\t<div id='gallery-1' class='gallery galleryid-21 gallery-columns-5 gallery-size-thumbnail'><dl class='gallery-item'>\n\t\t\t<dt class='gallery-icon landscape'>\n\t\t\t\t<a href='https:\/\/asseda.ch\/wp-content\/uploads\/2019\/05\/IMG_20180625_100302.jpg' title=\"\" data-rl_title=\"\" class=\"rl-gallery-link\" data-rl_caption=\"\" data-rel=\"lightbox-gallery-1\"><img loading=\"lazy\" decoding=\"async\" width=\"150\" height=\"150\" src=\"https:\/\/asseda.ch\/wp-content\/uploads\/2019\/05\/IMG_20180625_100302-150x150.jpg\" class=\"attachment-thumbnail size-thumbnail\" alt=\"\" \/><\/a>\n\t\t\t<\/dt><\/dl><dl class='gallery-item'>\n\t\t\t<dt class='gallery-icon landscape'>\n\t\t\t\t<a href='https:\/\/asseda.ch\/wp-content\/uploads\/2019\/05\/IMG_20180622_173524.jpg' title=\"\" data-rl_title=\"\" class=\"rl-gallery-link\" data-rl_caption=\"\" data-rel=\"lightbox-gallery-1\"><img loading=\"lazy\" decoding=\"async\" width=\"150\" height=\"150\" src=\"https:\/\/asseda.ch\/wp-content\/uploads\/2019\/05\/IMG_20180622_173524-150x150.jpg\" class=\"attachment-thumbnail size-thumbnail\" alt=\"\" \/><\/a>\n\t\t\t<\/dt><\/dl><dl class='gallery-item'>\n\t\t\t<dt class='gallery-icon landscape'>\n\t\t\t\t<a href='https:\/\/asseda.ch\/wp-content\/uploads\/2019\/05\/IMG_20180622_172939.jpg' title=\"\" data-rl_title=\"\" class=\"rl-gallery-link\" data-rl_caption=\"\" data-rel=\"lightbox-gallery-1\"><img loading=\"lazy\" decoding=\"async\" width=\"150\" height=\"150\" src=\"https:\/\/asseda.ch\/wp-content\/uploads\/2019\/05\/IMG_20180622_172939-150x150.jpg\" class=\"attachment-thumbnail size-thumbnail\" alt=\"\" \/><\/a>\n\t\t\t<\/dt><\/dl><dl class='gallery-item'>\n\t\t\t<dt class='gallery-icon landscape'>\n\t\t\t\t<a href='https:\/\/asseda.ch\/wp-content\/uploads\/2019\/05\/IMG_20180622_172338.jpg' title=\"\" data-rl_title=\"\" class=\"rl-gallery-link\" data-rl_caption=\"\" data-rel=\"lightbox-gallery-1\"><img loading=\"lazy\" decoding=\"async\" width=\"150\" height=\"150\" src=\"https:\/\/asseda.ch\/wp-content\/uploads\/2019\/05\/IMG_20180622_172338-150x150.jpg\" class=\"attachment-thumbnail size-thumbnail\" alt=\"\" \/><\/a>\n\t\t\t<\/dt><\/dl><dl class='gallery-item'>\n\t\t\t<dt class='gallery-icon landscape'>\n\t\t\t\t<a href='https:\/\/asseda.ch\/wp-content\/uploads\/2019\/05\/IMG_20180622_172142.jpg' title=\"\" data-rl_title=\"\" class=\"rl-gallery-link\" data-rl_caption=\"\" data-rel=\"lightbox-gallery-1\"><img loading=\"lazy\" decoding=\"async\" width=\"150\" height=\"150\" src=\"https:\/\/asseda.ch\/wp-content\/uploads\/2019\/05\/IMG_20180622_172142-150x150.jpg\" class=\"attachment-thumbnail size-thumbnail\" alt=\"\" \/><\/a>\n\t\t\t<\/dt><\/dl><br style=\"clear: both\" \/><dl class='gallery-item'>\n\t\t\t<dt class='gallery-icon landscape'>\n\t\t\t\t<a href='https:\/\/asseda.ch\/wp-content\/uploads\/2019\/05\/IMG_20180622_151118.jpg' title=\"\" data-rl_title=\"\" class=\"rl-gallery-link\" data-rl_caption=\"\" data-rel=\"lightbox-gallery-1\"><img loading=\"lazy\" decoding=\"async\" width=\"150\" height=\"150\" src=\"https:\/\/asseda.ch\/wp-content\/uploads\/2019\/05\/IMG_20180622_151118-150x150.jpg\" class=\"attachment-thumbnail size-thumbnail\" alt=\"\" \/><\/a>\n\t\t\t<\/dt><\/dl><dl class='gallery-item'>\n\t\t\t<dt class='gallery-icon landscape'>\n\t\t\t\t<a href='https:\/\/asseda.ch\/wp-content\/uploads\/2019\/05\/IMG_20180622_105541.jpg' title=\"\" data-rl_title=\"\" class=\"rl-gallery-link\" data-rl_caption=\"\" data-rel=\"lightbox-gallery-1\"><img loading=\"lazy\" decoding=\"async\" width=\"150\" height=\"150\" src=\"https:\/\/asseda.ch\/wp-content\/uploads\/2019\/05\/IMG_20180622_105541-150x150.jpg\" class=\"attachment-thumbnail size-thumbnail\" alt=\"\" \/><\/a>\n\t\t\t<\/dt><\/dl><dl class='gallery-item'>\n\t\t\t<dt class='gallery-icon landscape'>\n\t\t\t\t<a href='https:\/\/asseda.ch\/wp-content\/uploads\/2019\/05\/IMG_20180622_105450.jpg' title=\"\" data-rl_title=\"\" class=\"rl-gallery-link\" data-rl_caption=\"\" data-rel=\"lightbox-gallery-1\"><img loading=\"lazy\" decoding=\"async\" width=\"150\" height=\"150\" src=\"https:\/\/asseda.ch\/wp-content\/uploads\/2019\/05\/IMG_20180622_105450-150x150.jpg\" class=\"attachment-thumbnail size-thumbnail\" alt=\"\" \/><\/a>\n\t\t\t<\/dt><\/dl><dl class='gallery-item'>\n\t\t\t<dt class='gallery-icon landscape'>\n\t\t\t\t<a href='https:\/\/asseda.ch\/wp-content\/uploads\/2019\/05\/IMG_20180622_105108.jpg' title=\"\" data-rl_title=\"\" class=\"rl-gallery-link\" data-rl_caption=\"\" data-rel=\"lightbox-gallery-1\"><img loading=\"lazy\" decoding=\"async\" width=\"150\" height=\"150\" src=\"https:\/\/asseda.ch\/wp-content\/uploads\/2019\/05\/IMG_20180622_105108-150x150.jpg\" class=\"attachment-thumbnail size-thumbnail\" alt=\"\" \/><\/a>\n\t\t\t<\/dt><\/dl><dl class='gallery-item'>\n\t\t\t<dt class='gallery-icon landscape'>\n\t\t\t\t<a href='https:\/\/asseda.ch\/wp-content\/uploads\/2019\/05\/IMG_20180622_105002.jpg' title=\"\" data-rl_title=\"\" class=\"rl-gallery-link\" data-rl_caption=\"\" data-rel=\"lightbox-gallery-1\"><img loading=\"lazy\" decoding=\"async\" width=\"150\" height=\"150\" src=\"https:\/\/asseda.ch\/wp-content\/uploads\/2019\/05\/IMG_20180622_105002-150x150.jpg\" class=\"attachment-thumbnail size-thumbnail\" alt=\"\" \/><\/a>\n\t\t\t<\/dt><\/dl><br style=\"clear: both\" \/>\n\t\t<\/div>\n<\/p>\n<\/address>\n","protected":false},"excerpt":{"rendered":"<p>Orphelinat &#8220;La Providence&#8221;\u00a0 : Situ\u00e9 dans le quartier Munganga (route de Matadi),\u00a0 des filles et des gar\u00e7ons entre 8 et 13 ans vivent ensemble dans une maison achet\u00e9e par l&#8217;association &#8220;Fondation pour l&#8217;Afrique&#8221;. Cette association a \u00e9t\u00e9 fond\u00e9e par Monsieur France Mutombo Tshimuanga avec le motto : &#8220;accompagner les enfants\u2026 <a class=\"continue-reading-link\" href=\"https:\/\/asseda.ch\/?page_id=21\">Continue reading<\/a><\/p>\n","protected":false},"author":2,"featured_media":0,"parent":6,"menu_order":1,"comment_status":"closed","ping_status":"closed","template":"","meta":{"footnotes":""},"class_list":["post-21","page","type-page","status-publish","hentry"],"_links":{"self":[{"href":"https:\/\/asseda.ch\/index.php?rest_route=\/wp\/v2\/pages\/21"}],"collection":[{"href":"https:\/\/asseda.ch\/index.php?rest_route=\/wp\/v2\/pages"}],"about":[{"href":"https:\/\/asseda.ch\/index.php?rest_route=\/wp\/v2\/types\/page"}],"author":[{"embeddable":true,"href":"https:\/\/asseda.ch\/index.php?rest_route=\/wp\/v2\/users\/2"}],"replies":[{"embeddable":true,"href":"https:\/\/asseda.ch\/index.php?rest_route=%2Fwp%2Fv2%2Fcomments&post=21"}],"version-history":[{"count":9,"href":"https:\/\/asseda.ch\/index.php?rest_route=\/wp\/v2\/pages\/21\/revisions"}],"predecessor-version":[{"id":333,"href":"https:\/\/asseda.ch\/index.php?rest_route=\/wp\/v2\/pages\/21\/revisions\/333"}],"up":[{"embeddable":true,"href":"https:\/\/asseda.ch\/index.php?rest_route=\/wp\/v2\/pages\/6"}],"wp:attachment":[{"href":"https:\/\/asseda.ch\/index.php?rest_route=%2Fwp%2Fv2%2Fmedia&parent=21"}],"curies":[{"name":"wp","href":"https:\/\/api.w.org\/{rel}","templated":true}]}}