{"id":139,"date":"2015-02-22T19:34:38","date_gmt":"2015-02-22T18:34:38","guid":{"rendered":"http:\/\/asseda.ch\/?page_id=139"},"modified":"2016-12-26T22:19:00","modified_gmt":"2016-12-26T21:19:00","slug":"new-dehli-inde","status":"publish","type":"page","link":"https:\/\/asseda.ch\/?page_id=139","title":{"rendered":"New Dehli-Inde"},"content":{"rendered":"<p style=\"text-align: justify;\">Un orphelinat de jeunes filles situ\u00e9 dans la grande ville de New Dehli, visit\u00e9 chaque ann\u00e9e par une de nos membres, avait un besoin urgent d&#8217;acheter des nouveaux lits pour les pensionnaires qui s&#8217;entassaient sur des literies en voie d&#8217;extinction.<\/p>\n<p style=\"text-align: justify;\">ASSEDA a pay\u00e9 la somme de 1&#8217;500.- frs pour faire fabriquer par un artisan local des lits confortables en bois.<\/p>\n<p><img loading=\"lazy\" decoding=\"async\" class=\"wp-image-146 size-large aligncenter\" src=\"http:\/\/asseda.ch\/wp-content\/uploads\/2015\/02\/Inde3-1024x575.jpg\" alt=\"Inde3\" width=\"604\" height=\"339\" srcset=\"https:\/\/asseda.ch\/wp-content\/uploads\/2015\/02\/Inde3-1024x575.jpg 1024w, https:\/\/asseda.ch\/wp-content\/uploads\/2015\/02\/Inde3-300x168.jpg 300w\" sizes=\"(max-width: 604px) 100vw, 604px\" \/><\/p>\n<p style=\"text-align: justify;\"><em>\u00a0 les jeunes filles ont re\u00e7u aussi du mat\u00e9riel scolaire<\/em><\/p>\n<p style=\"text-align: justify;\"><img loading=\"lazy\" decoding=\"async\" class=\"alignleft size-medium wp-image-145\" src=\"http:\/\/asseda.ch\/wp-content\/uploads\/2015\/02\/Inde2-300x168.jpg\" alt=\"Inde2\" width=\"300\" height=\"168\" srcset=\"https:\/\/asseda.ch\/wp-content\/uploads\/2015\/02\/Inde2-300x168.jpg 300w, https:\/\/asseda.ch\/wp-content\/uploads\/2015\/02\/Inde2-1024x575.jpg 1024w\" sizes=\"(max-width: 300px) 100vw, 300px\" \/>\u00a0\u00a0\u00a0\u00a0\u00a0\u00a0\u00a0\u00a0\u00a0\u00a0\u00a0 <a href=\"http:\/\/asseda.ch\/wp-content\/uploads\/2015\/02\/Inde1.jpeg\" data-rel=\"lightbox-image-0\" data-rl_title=\"\" data-rl_caption=\"\" title=\"\"><img loading=\"lazy\" decoding=\"async\" class=\"alignright size-medium wp-image-144\" src=\"http:\/\/asseda.ch\/wp-content\/uploads\/2015\/02\/Inde1-225x300.jpeg\" alt=\"Inde1\" width=\"225\" height=\"300\" srcset=\"https:\/\/asseda.ch\/wp-content\/uploads\/2015\/02\/Inde1-225x300.jpeg 225w, https:\/\/asseda.ch\/wp-content\/uploads\/2015\/02\/Inde1-768x1024.jpeg 768w\" sizes=\"(max-width: 225px) 100vw, 225px\" \/><\/a><\/p>\n<p style=\"text-align: justify;\"><em>Martine, membre d&#8217;ASSEDA, distribue le mat\u00e9riel et visite une famille voisine de l&#8217;orphelinat<\/em><\/p>\n","protected":false},"excerpt":{"rendered":"<p>Un orphelinat de jeunes filles situ\u00e9 dans la grande ville de New Dehli, visit\u00e9 chaque ann\u00e9e par une de nos membres, avait un besoin urgent d&#8217;acheter des nouveaux lits pour les pensionnaires qui s&#8217;entassaient sur des literies en voie d&#8217;extinction. ASSEDA a pay\u00e9 la somme de 1&#8217;500.- frs pour faire\u2026 <a class=\"continue-reading-link\" href=\"https:\/\/asseda.ch\/?page_id=139\">Continue reading<\/a><\/p>\n","protected":false},"author":2,"featured_media":0,"parent":50,"menu_order":3,"comment_status":"closed","ping_status":"closed","template":"","meta":{"footnotes":""},"class_list":["post-139","page","type-page","status-publish","hentry"],"_links":{"self":[{"href":"https:\/\/asseda.ch\/index.php?rest_route=\/wp\/v2\/pages\/139"}],"collection":[{"href":"https:\/\/asseda.ch\/index.php?rest_route=\/wp\/v2\/pages"}],"about":[{"href":"https:\/\/asseda.ch\/index.php?rest_route=\/wp\/v2\/types\/page"}],"author":[{"embeddable":true,"href":"https:\/\/asseda.ch\/index.php?rest_route=\/wp\/v2\/users\/2"}],"replies":[{"embeddable":true,"href":"https:\/\/asseda.ch\/index.php?rest_route=%2Fwp%2Fv2%2Fcomments&post=139"}],"version-history":[{"count":5,"href":"https:\/\/asseda.ch\/index.php?rest_route=\/wp\/v2\/pages\/139\/revisions"}],"predecessor-version":[{"id":246,"href":"https:\/\/asseda.ch\/index.php?rest_route=\/wp\/v2\/pages\/139\/revisions\/246"}],"up":[{"embeddable":true,"href":"https:\/\/asseda.ch\/index.php?rest_route=\/wp\/v2\/pages\/50"}],"wp:attachment":[{"href":"https:\/\/asseda.ch\/index.php?rest_route=%2Fwp%2Fv2%2Fmedia&parent=139"}],"curies":[{"name":"wp","href":"https:\/\/api.w.org\/{rel}","templated":true}]}}