{"id":115,"date":"2014-09-30T15:30:31","date_gmt":"2014-09-30T14:30:31","guid":{"rendered":"http:\/\/asseda.ch\/?page_id=115"},"modified":"2014-09-30T15:30:47","modified_gmt":"2014-09-30T14:30:47","slug":"kilometre-123-mexique","status":"publish","type":"page","link":"https:\/\/asseda.ch\/?page_id=115","title":{"rendered":"Kilom\u00e8tre 123-Mexique"},"content":{"rendered":"<p style=\"text-align: justify;\">Avant m\u00eame sa cr\u00e9ation officielle, ASSEDA a sponsoris\u00e9 la construction d&#8217;une maison dans le village pour orphelins sur la route de San Quintin \u00e0 San Felipe au kilom\u00e8tre 123 en plein d\u00e9sert !<\/p>\n<p style=\"text-align: justify;\">Le village est form\u00e9 de dix maisons familiales en demi-cercle et d&#8217;une grande maison communautaire qui &#8220;ferme&#8221; le village. Les orphelins vivent l\u00e0 en famille, une quinzaine par maison, avec un couple de &#8220;parents&#8221; pay\u00e9s pour ce travail.<\/p>\n<p style=\"text-align: justify;\">La localisation tr\u00e8s excentr\u00e9e du village est volontaire et poursuit le but d&#8217;\u00e9loigner les enfants de toutes tentations malsaines et ou possibilit\u00e9s d&#8217;\u00eatre maltrait\u00e9s par des adultes.<\/p>\n<p style=\"text-align: justify;\">Dans ce projet ponctuel, le r\u00f4le d&#8217;ASSEDA a consist\u00e9 \u00e0 leur offrir un espace de vie pour la somme de 50&#8217;000 $US (\u00e0 l&#8217;\u00e9poque !). Cette somme a financ\u00e9 la construction compl\u00e8te d&#8217;une maison sur les dix. Quant au fonctionnement quotidien, il est assur\u00e9 depuis 1996 par d&#8217;autres donateurs.<\/p>\n","protected":false},"excerpt":{"rendered":"<p>Avant m\u00eame sa cr\u00e9ation officielle, ASSEDA a sponsoris\u00e9 la construction d&#8217;une maison dans le village pour orphelins sur la route de San Quintin \u00e0 San Felipe au kilom\u00e8tre 123 en plein d\u00e9sert ! Le village est form\u00e9 de dix maisons familiales en demi-cercle et d&#8217;une grande maison communautaire qui &#8220;ferme&#8221;\u2026 <a class=\"continue-reading-link\" href=\"https:\/\/asseda.ch\/?page_id=115\">Continue reading<\/a><\/p>\n","protected":false},"author":2,"featured_media":0,"parent":50,"menu_order":1,"comment_status":"closed","ping_status":"closed","template":"","meta":{"footnotes":""},"class_list":["post-115","page","type-page","status-publish","hentry"],"_links":{"self":[{"href":"https:\/\/asseda.ch\/index.php?rest_route=\/wp\/v2\/pages\/115"}],"collection":[{"href":"https:\/\/asseda.ch\/index.php?rest_route=\/wp\/v2\/pages"}],"about":[{"href":"https:\/\/asseda.ch\/index.php?rest_route=\/wp\/v2\/types\/page"}],"author":[{"embeddable":true,"href":"https:\/\/asseda.ch\/index.php?rest_route=\/wp\/v2\/users\/2"}],"replies":[{"embeddable":true,"href":"https:\/\/asseda.ch\/index.php?rest_route=%2Fwp%2Fv2%2Fcomments&post=115"}],"version-history":[{"count":1,"href":"https:\/\/asseda.ch\/index.php?rest_route=\/wp\/v2\/pages\/115\/revisions"}],"predecessor-version":[{"id":116,"href":"https:\/\/asseda.ch\/index.php?rest_route=\/wp\/v2\/pages\/115\/revisions\/116"}],"up":[{"embeddable":true,"href":"https:\/\/asseda.ch\/index.php?rest_route=\/wp\/v2\/pages\/50"}],"wp:attachment":[{"href":"https:\/\/asseda.ch\/index.php?rest_route=%2Fwp%2Fv2%2Fmedia&parent=115"}],"curies":[{"name":"wp","href":"https:\/\/api.w.org\/{rel}","templated":true}]}}